{"id":1603,"date":"2026-05-08T12:04:11","date_gmt":"2026-05-08T16:04:11","guid":{"rendered":"https:\/\/chirak.pe\/?post_type=product&#038;p=1603"},"modified":"2026-05-08T13:15:47","modified_gmt":"2026-05-08T17:15:47","slug":"heliconia-amazon-river-lodge-all-inclusive","status":"publish","type":"product","link":"https:\/\/chirak.pe\/?product=heliconia-amazon-river-lodge-all-inclusive","title":{"rendered":"Heliconia Amazon River Lodge All Inclusive"},"content":{"rendered":"<div class=\"wpb-content-wrapper\"><p>[vc_row][vc_column][vc_raw_html css=&#8221;&#8221;]JTNDc3R5bGUlM0UlMEQlMEElNDBpbXBvcnQlMjB1cmwlMjglMjdodHRwcyUzQSUyRiUyRmZvbnRzLmdvb2dsZWFwaXMuY29tJTJGY3NzMiUzRmZhbWlseSUzREludGVyJTNBd2dodCU0MDQwMCUzQjUwMCUzQjYwMCUyNmRpc3BsYXklM0Rzd2FwJTI3JTI5JTNCJTBEJTBBJTBEJTBBLmJveC1pbmZvJTIwJTdCJTBEJTBBJTIwJTIwZGlzcGxheSUzQSUyMGZsZXglM0IlMEQlMEElMjAlMjBiYWNrZ3JvdW5kJTNBJTIwJTIzZjJmMmYyJTNCJTBEJTBBJTIwJTIwYm9yZGVyLXJhZGl1cyUzQSUyMDZweCUzQiUwRCUwQSUyMCUyMG92ZXJmbG93JTNBJTIwaGlkZGVuJTNCJTBEJTBBJTIwJTIwZm9udC1mYW1pbHklM0ElMjAlMjdJbnRlciUyNyUyQyUyMHNhbnMtc2VyaWYlM0IlMEQlMEElN0QlMEQlMEElMEQlMEEuaXRlbSUyMCU3QiUwRCUwQSUyMCUyMGZsZXglM0ElMjAxJTNCJTBEJTBBJTIwJTIwZGlzcGxheSUzQSUyMGZsZXglM0IlMEQlMEElMjAlMjBhbGlnbi1pdGVtcyUzQSUyMGNlbnRlciUzQiUwRCUwQSUyMCUyMHBhZGRpbmclM0ElMjAyMnB4JTIwMjhweCUzQiUwRCUwQSU3RCUwRCUwQSUwRCUwQS5pdGVtJTIwJTJCJTIwLml0ZW0lMjAlN0IlMEQlMEElMjAlMjBib3JkZXItbGVmdCUzQSUyMDFweCUyMHNvbGlkJTIwJTIzZTBlMGUwJTNCJTBEJTBBJTdEJTBEJTBBJTBEJTBBLmljb24lMjAlN0IlMEQlMEElMjAlMjB3aWR0aCUzQSUyMDQycHglM0IlMEQlMEElMjAlMjBoZWlnaHQlM0ElMjA0MnB4JTNCJTBEJTBBJTIwJTIwbWFyZ2luLXJpZ2h0JTNBJTIwMThweCUzQiUwRCUwQSU3RCUwRCUwQSUwRCUwQS50aXRsZSUyMCU3QiUwRCUwQSUyMCUyMGZvbnQtc2l6ZSUzQSUyMDE1cHglM0IlMEQlMEElMjAlMjBmb250LXdlaWdodCUzQSUyMDYwMCUzQiUwRCUwQSUyMCUyMGNvbG9yJTNBJTIwJTIzMmQyZDJkJTNCJTBEJTBBJTIwJTIwbWFyZ2luJTNBJTIwMCUzQiUwRCUwQSU3RCUwRCUwQSUwRCUwQS50ZXh0JTIwJTdCJTBEJTBBJTIwJTIwZm9udC1zaXplJTNBJTIwMTRweCUzQiUwRCUwQSUyMCUyMGNvbG9yJTNBJTIwJTIzOWE5YTlhJTNCJTBEJTBBJTIwJTIwbWFyZ2luLXRvcCUzQSUyMDNweCUzQiUwRCUwQSU3RCUwRCUwQSUwRCUwQSUyRiUyQSUyMFJlc3BvbnNpdmUlMjAlMkElMkYlMEQlMEElNDBtZWRpYSUyMCUyOG1heC13aWR0aCUzQSUyMDc2OHB4JTI5JTIwJTdCJTBEJTBBJTIwJTIwLmJveC1pbmZvJTIwJTdCJTBEJTBBJTIwJTIwJTIwJTIwZmxleC1kaXJlY3Rpb24lM0ElMjBjb2x1bW4lM0IlMEQlMEElMjAlMjAlN0QlMEQlMEElMjAlMjAuaXRlbSUyMCUyQiUyMC5pdGVtJTIwJTdCJTBEJTBBJTIwJTIwJTIwJTIwYm9yZGVyLWxlZnQlM0ElMjBub25lJTNCJTBEJTBBJTIwJTIwJTIwJTIwYm9yZGVyLXRvcCUzQSUyMDFweCUyMHNvbGlkJTIwJTIzZTBlMGUwJTNCJTBEJTBBJTIwJTIwJTdEJTBEJTBBJTdEJTBEJTBBJTNDJTJGc3R5bGUlM0UlMEQlMEElMEQlMEElM0NkaXYlMjBjbGFzcyUzRCUyMmJveC1pbmZvJTIyJTNFJTBEJTBBJTBEJTBBJTIwJTIwJTNDJTIxLS0lMjBEdXJhY2klQzMlQjNuJTIwLS0lM0UlMEQlMEElMjAlMjAlM0NkaXYlMjBjbGFzcyUzRCUyMml0ZW0lMjIlM0UlMEQlMEElMjAlMjAlMjAlMjAlM0NzdmclMjBjbGFzcyUzRCUyMmljb24lMjIlMjB2aWV3Qm94JTNEJTIyMCUyMDAlMjAyNCUyMDI0JTIyJTIwZmlsbCUzRCUyMm5vbmUlMjIlMjBzdHJva2UlM0QlMjIlMjM1YWE2ZjglMjIlMjBzdHJva2Utd2lkdGglM0QlMjIxLjglMjIlMjBzdHJva2UtbGluZWNhcCUzRCUyMnJvdW5kJTIyJTIwc3Ryb2tlLWxpbmVqb2luJTNEJTIycm91bmQlMjIlM0UlMEQlMEElMjAlMjAlMjAlMjAlMjAlMjAlM0NwYXRoJTIwZCUzRCUyMk0yMC4zNTQlMjAxNS4zNTRBOSUyMDklMjAwJTIwMSUyMDElMjA4LjY0NiUyMDMuNjQ2JTIwNyUyMDclMjAwJTIwMCUyMDAlMjAyMC4zNTQlMjAxNS4zNTR6JTIyJTJGJTNFJTBEJTBBJTIwJTIwJTIwJTIwJTNDJTJGc3ZnJTNFJTBEJTBBJTIwJTIwJTIwJTIwJTNDZGl2JTNFJTBEJTBBJTIwJTIwJTIwJTIwJTIwJTIwJTNDcCUyMGNsYXNzJTNEJTIydGl0bGUlMjIlM0VEdXJhY2klQzMlQjNuJTNDJTJGcCUzRSUwRCUwQSUyMCUyMCUyMCUyMCUyMCUyMCUzQ3AlMjBjbGFzcyUzRCUyMnRleHQlMjIlM0U4JTIwRCVDMyVBRGFzJTIwJTJGJTIwNyUyME5vY2hlcyUzQyUyRnAlM0UlMEQlMEElMjAlMjAlMjAlMjAlM0MlMkZkaXYlM0UlMEQlMEElMjAlMjAlM0MlMkZkaXYlM0UlMEQlMEElMEQlMEElMjAlMjAlM0MlMjEtLSUyMEZlY2hhcyUyMC0tJTNFJTBEJTBBJTIwJTIwJTNDZGl2JTIwY2xhc3MlM0QlMjJpdGVtJTIyJTNFJTBEJTBBJTIwJTIwJTIwJTIwJTNDc3ZnJTIwY2xhc3MlM0QlMjJpY29uJTIyJTIwdmlld0JveCUzRCUyMjAlMjAwJTIwMjQlMjAyNCUyMiUyMGZpbGwlM0QlMjJub25lJTIyJTIwc3Ryb2tlJTNEJTIyJTIzNWFhNmY4JTIyJTIwc3Ryb2tlLXdpZHRoJTNEJTIyMS44JTIyJTIwc3Ryb2tlLWxpbmVjYXAlM0QlMjJyb3VuZCUyMiUyMHN0cm9rZS1saW5lam9pbiUzRCUyMnJvdW5kJTIyJTNFJTBEJTBBJTIwJTIwJTIwJTIwJTIwJTIwJTNDcmVjdCUyMHglM0QlMjIzJTIyJTIweSUzRCUyMjUlMjIlMjB3aWR0aCUzRCUyMjE4JTIyJTIwaGVpZ2h0JTNEJTIyMTYlMjIlMjByeCUzRCUyMjIlMjIlMkYlM0UlMEQlMEElMjAlMjAlMjAlMjAlMjAlMjAlM0NsaW5lJTIweDElM0QlMjIxNiUyMiUyMHkxJTNEJTIyMyUyMiUyMHgyJTNEJTIyMTYlMjIlMjB5MiUzRCUyMjclMjIlMkYlM0UlMEQlMEElMjAlMjAlMjAlMjAlMjAlMjAlM0NsaW5lJTIweDElM0QlMjI4JTIyJTIweTElM0QlMjIzJTIyJTIweDIlM0QlMjI4JTIyJTIweTIlM0QlMjI3JTIyJTJGJTNFJTBEJTBBJTIwJTIwJTIwJTIwJTIwJTIwJTNDbGluZSUyMHgxJTNEJTIyMyUyMiUyMHkxJTNEJTIyMTElMjIlMjB4MiUzRCUyMjIxJTIyJTIweTIlM0QlMjIxMSUyMiUyRiUzRSUwRCUwQSUyMCUyMCUyMCUyMCUzQyUyRnN2ZyUzRSUwRCUwQSUyMCUyMCUyMCUyMCUzQ2RpdiUzRSUwRCUwQSUyMCUyMCUyMCUyMCUyMCUyMCUzQ3AlMjBjbGFzcyUzRCUyMnRpdGxlJTIyJTNFRmVjaGFzJTNDJTJGcCUzRSUwRCUwQSUyMCUyMCUyMCUyMCUyMCUyMCUzQ3AlMjBjbGFzcyUzRCUyMnRleHQlMjIlM0VFbmVybyUyRkRpY2llbWJyZSUzQyUyRnAlM0UlMEQlMEElMjAlMjAlMjAlMjAlM0MlMkZkaXYlM0UlMEQlMEElMjAlMjAlM0MlMkZkaXYlM0UlMEQlMEElMEQlMEElM0MlMkZkaXYlM0U=[\/vc_raw_html][vc_column_text]<span style=\"font-family: tahoma, arial, helvetica, sans-serif; color: #003366;\"><span style=\"font-size: 18.6667px;\"><span style=\"font-family: tahoma, arial, helvetica, sans-serif; color: #000080;\"><span style=\"color: #ff0000;\">&gt; <span style=\"color: #7b8bb0;\"><b>Heliconia Amazonia River Lodge<\/b><\/span><\/span><\/span><\/span><\/span><\/p>\n<p>&nbsp;<\/p>\n<p>Heliconia Amazon River Lodge es un ecolodge ubicado a orillas del r\u00edo Amazonas, en Iquitos, Per\u00fa, perfecto para quienes desean vivir una experiencia aut\u00e9ntica en la Amazon\u00eda peruana. Rodeado de exuberante naturaleza, combina aventura, comodidad y sostenibilidad, ofreciendo habitaciones acogedoras, piscina, restaurante con gastronom\u00eda regional y una atenci\u00f3n c\u00e1lida inspirada en la hospitalidad amaz\u00f3nica.<\/p>\n<p><span style=\"font-family: tahoma, arial, helvetica, sans-serif; font-size: 14pt; color: #999999;\"><strong><span style=\"font-family: tahoma, arial, helvetica, sans-serif;\">\u2014\u2014\u2014\u2014\u2014\u2014\u2014\u2014\u2014\u2014\u2014\u2014\u2014\u2014\u2014\u2014\u2014\u2014\u2014\u2014\u2014\u2014\u2014\u2014\u2014\u2014\u2014\u2014<\/span><\/strong><\/span><\/p>\n<p><strong>Incluye<\/strong>:<\/p>\n<ul>\n<li>Alojamiento en habitaciones standard (Programas de 1, 2 y 3 noches).<\/li>\n<li>Alimentaci\u00f3n completa seg\u00fan el programa<\/li>\n<li>Excursiones guiadas<\/li>\n<li>Traslados terrestres y fluviales seg\u00fan el programa<\/li>\n<\/ul>\n<p>&nbsp;<\/p>\n<p><strong style=\"color: #999999; font-family: tahoma, arial, helvetica, sans-serif; font-size: 14pt;\">\u2014\u2014\u2014\u2014\u2014\u2014\u2014\u2014\u2014\u2014\u2014\u2014\u2014\u2014\u2014\u2014\u2014\u2014\u2014\u2014\u2014\u2014\u2014\u2014\u2014\u2014\u2014\u2014<\/strong><\/p>\n<p><strong>No incluye:<\/strong><\/p>\n<ul>\n<li>Bebidas en general: refrescos, jugos, gaseosas y\/o licores<\/li>\n<li>Tickets a\u00e9reos Lima \/ Iquitos \/ Lima<\/li>\n<li>Impuestos aeroportuarios en Lima e Iquitos<\/li>\n<li>Propinas a maleteros y\/o personal del lodge<\/li>\n<\/ul>\n<p><strong style=\"color: #999999; font-family: tahoma, arial, helvetica, sans-serif; font-size: 14pt;\">\u2014\u2014\u2014\u2014\u2014\u2014\u2014\u2014\u2014\u2014\u2014\u2014\u2014\u2014\u2014\u2014\u2014\u2014\u2014\u2014\u2014\u2014\u2014\u2014\u2014\u2014\u2014\u2014<\/strong><\/p>\n<p><strong data-start=\"0\" data-end=\"9\" data-is-only-node=\"\">Nota:<\/strong> Para m\u00e1s informaci\u00f3n y condiciones, ingresar al tarifario web en la secci\u00f3n de productos.<\/p>\n<p>[\/vc_column_text][\/vc_column][\/vc_row]<\/p>\n<\/div>","protected":false},"excerpt":{"rendered":"<p>Amazonia Peruana<\/p>\n","protected":false},"featured_media":1604,"comment_status":"closed","ping_status":"closed","template":"","meta":[],"product_brand":[],"product_cat":[34],"product_tag":[],"class_list":{"0":"post-1603","1":"product","2":"type-product","3":"status-publish","4":"has-post-thumbnail","6":"product_cat-uncategorized","7":"tour_category-all-inclusive","8":"tour_category-iquitos","10":"first","11":"instock","12":"featured","13":"shipping-taxable","14":"product-type-tour"},"_links":{"self":[{"href":"https:\/\/chirak.pe\/index.php?rest_route=\/wp\/v2\/product\/1603","targetHints":{"allow":["GET"]}}],"collection":[{"href":"https:\/\/chirak.pe\/index.php?rest_route=\/wp\/v2\/product"}],"about":[{"href":"https:\/\/chirak.pe\/index.php?rest_route=\/wp\/v2\/types\/product"}],"replies":[{"embeddable":true,"href":"https:\/\/chirak.pe\/index.php?rest_route=%2Fwp%2Fv2%2Fcomments&post=1603"}],"wp:featuredmedia":[{"embeddable":true,"href":"https:\/\/chirak.pe\/index.php?rest_route=\/wp\/v2\/media\/1604"}],"wp:attachment":[{"href":"https:\/\/chirak.pe\/index.php?rest_route=%2Fwp%2Fv2%2Fmedia&parent=1603"}],"wp:term":[{"taxonomy":"product_brand","embeddable":true,"href":"https:\/\/chirak.pe\/index.php?rest_route=%2Fwp%2Fv2%2Fproduct_brand&post=1603"},{"taxonomy":"product_cat","embeddable":true,"href":"https:\/\/chirak.pe\/index.php?rest_route=%2Fwp%2Fv2%2Fproduct_cat&post=1603"},{"taxonomy":"product_tag","embeddable":true,"href":"https:\/\/chirak.pe\/index.php?rest_route=%2Fwp%2Fv2%2Fproduct_tag&post=1603"}],"curies":[{"name":"wp","href":"https:\/\/api.w.org\/{rel}","templated":true}]}}