{"id":1598,"date":"2026-05-08T11:11:40","date_gmt":"2026-05-08T15:11:40","guid":{"rendered":"https:\/\/chirak.pe\/?post_type=product&#038;p=1598"},"modified":"2026-05-08T13:01:17","modified_gmt":"2026-05-08T17:01:17","slug":"aqua-expeditions-aria-amazon","status":"publish","type":"product","link":"https:\/\/chirak.pe\/?product=aqua-expeditions-aria-amazon","title":{"rendered":"Aqua Expeditions &#8211; Aria Amazon"},"content":{"rendered":"<div class=\"wpb-content-wrapper\"><p>[vc_row][vc_column][vc_raw_html css=&#8221;&#8221;]JTNDc3R5bGUlM0UlMEQlMEElNDBpbXBvcnQlMjB1cmwlMjglMjdodHRwcyUzQSUyRiUyRmZvbnRzLmdvb2dsZWFwaXMuY29tJTJGY3NzMiUzRmZhbWlseSUzREludGVyJTNBd2dodCU0MDQwMCUzQjUwMCUzQjYwMCUyNmRpc3BsYXklM0Rzd2FwJTI3JTI5JTNCJTBEJTBBJTBEJTBBLmJveC1pbmZvJTIwJTdCJTBEJTBBJTIwJTIwZGlzcGxheSUzQSUyMGZsZXglM0IlMEQlMEElMjAlMjBiYWNrZ3JvdW5kJTNBJTIwJTIzZjJmMmYyJTNCJTBEJTBBJTIwJTIwYm9yZGVyLXJhZGl1cyUzQSUyMDZweCUzQiUwRCUwQSUyMCUyMG92ZXJmbG93JTNBJTIwaGlkZGVuJTNCJTBEJTBBJTIwJTIwZm9udC1mYW1pbHklM0ElMjAlMjdJbnRlciUyNyUyQyUyMHNhbnMtc2VyaWYlM0IlMEQlMEElN0QlMEQlMEElMEQlMEEuaXRlbSUyMCU3QiUwRCUwQSUyMCUyMGZsZXglM0ElMjAxJTNCJTBEJTBBJTIwJTIwZGlzcGxheSUzQSUyMGZsZXglM0IlMEQlMEElMjAlMjBhbGlnbi1pdGVtcyUzQSUyMGNlbnRlciUzQiUwRCUwQSUyMCUyMHBhZGRpbmclM0ElMjAyMnB4JTIwMjhweCUzQiUwRCUwQSU3RCUwRCUwQSUwRCUwQS5pdGVtJTIwJTJCJTIwLml0ZW0lMjAlN0IlMEQlMEElMjAlMjBib3JkZXItbGVmdCUzQSUyMDFweCUyMHNvbGlkJTIwJTIzZTBlMGUwJTNCJTBEJTBBJTdEJTBEJTBBJTBEJTBBLmljb24lMjAlN0IlMEQlMEElMjAlMjB3aWR0aCUzQSUyMDQycHglM0IlMEQlMEElMjAlMjBoZWlnaHQlM0ElMjA0MnB4JTNCJTBEJTBBJTIwJTIwbWFyZ2luLXJpZ2h0JTNBJTIwMThweCUzQiUwRCUwQSU3RCUwRCUwQSUwRCUwQS50aXRsZSUyMCU3QiUwRCUwQSUyMCUyMGZvbnQtc2l6ZSUzQSUyMDE1cHglM0IlMEQlMEElMjAlMjBmb250LXdlaWdodCUzQSUyMDYwMCUzQiUwRCUwQSUyMCUyMGNvbG9yJTNBJTIwJTIzMmQyZDJkJTNCJTBEJTBBJTIwJTIwbWFyZ2luJTNBJTIwMCUzQiUwRCUwQSU3RCUwRCUwQSUwRCUwQS50ZXh0JTIwJTdCJTBEJTBBJTIwJTIwZm9udC1zaXplJTNBJTIwMTRweCUzQiUwRCUwQSUyMCUyMGNvbG9yJTNBJTIwJTIzOWE5YTlhJTNCJTBEJTBBJTIwJTIwbWFyZ2luLXRvcCUzQSUyMDNweCUzQiUwRCUwQSU3RCUwRCUwQSUwRCUwQSUyRiUyQSUyMFJlc3BvbnNpdmUlMjAlMkElMkYlMEQlMEElNDBtZWRpYSUyMCUyOG1heC13aWR0aCUzQSUyMDc2OHB4JTI5JTIwJTdCJTBEJTBBJTIwJTIwLmJveC1pbmZvJTIwJTdCJTBEJTBBJTIwJTIwJTIwJTIwZmxleC1kaXJlY3Rpb24lM0ElMjBjb2x1bW4lM0IlMEQlMEElMjAlMjAlN0QlMEQlMEElMjAlMjAuaXRlbSUyMCUyQiUyMC5pdGVtJTIwJTdCJTBEJTBBJTIwJTIwJTIwJTIwYm9yZGVyLWxlZnQlM0ElMjBub25lJTNCJTBEJTBBJTIwJTIwJTIwJTIwYm9yZGVyLXRvcCUzQSUyMDFweCUyMHNvbGlkJTIwJTIzZTBlMGUwJTNCJTBEJTBBJTIwJTIwJTdEJTBEJTBBJTdEJTBEJTBBJTNDJTJGc3R5bGUlM0UlMEQlMEElMEQlMEElM0NkaXYlMjBjbGFzcyUzRCUyMmJveC1pbmZvJTIyJTNFJTBEJTBBJTBEJTBBJTIwJTIwJTNDJTIxLS0lMjBEdXJhY2klQzMlQjNuJTIwLS0lM0UlMEQlMEElMjAlMjAlM0NkaXYlMjBjbGFzcyUzRCUyMml0ZW0lMjIlM0UlMEQlMEElMjAlMjAlMjAlMjAlM0NzdmclMjBjbGFzcyUzRCUyMmljb24lMjIlMjB2aWV3Qm94JTNEJTIyMCUyMDAlMjAyNCUyMDI0JTIyJTIwZmlsbCUzRCUyMm5vbmUlMjIlMjBzdHJva2UlM0QlMjIlMjM1YWE2ZjglMjIlMjBzdHJva2Utd2lkdGglM0QlMjIxLjglMjIlMjBzdHJva2UtbGluZWNhcCUzRCUyMnJvdW5kJTIyJTIwc3Ryb2tlLWxpbmVqb2luJTNEJTIycm91bmQlMjIlM0UlMEQlMEElMjAlMjAlMjAlMjAlMjAlMjAlM0NwYXRoJTIwZCUzRCUyMk0yMC4zNTQlMjAxNS4zNTRBOSUyMDklMjAwJTIwMSUyMDElMjA4LjY0NiUyMDMuNjQ2JTIwNyUyMDclMjAwJTIwMCUyMDAlMjAyMC4zNTQlMjAxNS4zNTR6JTIyJTJGJTNFJTBEJTBBJTIwJTIwJTIwJTIwJTNDJTJGc3ZnJTNFJTBEJTBBJTIwJTIwJTIwJTIwJTNDZGl2JTNFJTBEJTBBJTIwJTIwJTIwJTIwJTIwJTIwJTNDcCUyMGNsYXNzJTNEJTIydGl0bGUlMjIlM0VEdXJhY2klQzMlQjNuJTNDJTJGcCUzRSUwRCUwQSUyMCUyMCUyMCUyMCUyMCUyMCUzQ3AlMjBjbGFzcyUzRCUyMnRleHQlMjIlM0U4JTIwRCVDMyVBRGFzJTIwJTJGJTIwNyUyME5vY2hlcyUzQyUyRnAlM0UlMEQlMEElMjAlMjAlMjAlMjAlM0MlMkZkaXYlM0UlMEQlMEElMjAlMjAlM0MlMkZkaXYlM0UlMEQlMEElMEQlMEElMjAlMjAlM0MlMjEtLSUyMEZlY2hhcyUyMC0tJTNFJTBEJTBBJTIwJTIwJTNDZGl2JTIwY2xhc3MlM0QlMjJpdGVtJTIyJTNFJTBEJTBBJTIwJTIwJTIwJTIwJTNDc3ZnJTIwY2xhc3MlM0QlMjJpY29uJTIyJTIwdmlld0JveCUzRCUyMjAlMjAwJTIwMjQlMjAyNCUyMiUyMGZpbGwlM0QlMjJub25lJTIyJTIwc3Ryb2tlJTNEJTIyJTIzNWFhNmY4JTIyJTIwc3Ryb2tlLXdpZHRoJTNEJTIyMS44JTIyJTIwc3Ryb2tlLWxpbmVjYXAlM0QlMjJyb3VuZCUyMiUyMHN0cm9rZS1saW5lam9pbiUzRCUyMnJvdW5kJTIyJTNFJTBEJTBBJTIwJTIwJTIwJTIwJTIwJTIwJTNDcmVjdCUyMHglM0QlMjIzJTIyJTIweSUzRCUyMjUlMjIlMjB3aWR0aCUzRCUyMjE4JTIyJTIwaGVpZ2h0JTNEJTIyMTYlMjIlMjByeCUzRCUyMjIlMjIlMkYlM0UlMEQlMEElMjAlMjAlMjAlMjAlMjAlMjAlM0NsaW5lJTIweDElM0QlMjIxNiUyMiUyMHkxJTNEJTIyMyUyMiUyMHgyJTNEJTIyMTYlMjIlMjB5MiUzRCUyMjclMjIlMkYlM0UlMEQlMEElMjAlMjAlMjAlMjAlMjAlMjAlM0NsaW5lJTIweDElM0QlMjI4JTIyJTIweTElM0QlMjIzJTIyJTIweDIlM0QlMjI4JTIyJTIweTIlM0QlMjI3JTIyJTJGJTNFJTBEJTBBJTIwJTIwJTIwJTIwJTIwJTIwJTNDbGluZSUyMHgxJTNEJTIyMyUyMiUyMHkxJTNEJTIyMTElMjIlMjB4MiUzRCUyMjIxJTIyJTIweTIlM0QlMjIxMSUyMiUyRiUzRSUwRCUwQSUyMCUyMCUyMCUyMCUzQyUyRnN2ZyUzRSUwRCUwQSUyMCUyMCUyMCUyMCUzQ2RpdiUzRSUwRCUwQSUyMCUyMCUyMCUyMCUyMCUyMCUzQ3AlMjBjbGFzcyUzRCUyMnRpdGxlJTIyJTNFRmVjaGFzJTNDJTJGcCUzRSUwRCUwQSUyMCUyMCUyMCUyMCUyMCUyMCUzQ3AlMjBjbGFzcyUzRCUyMnRleHQlMjIlM0VFbmVybyUyRkRpY2llbWJyZSUzQyUyRnAlM0UlMEQlMEElMjAlMjAlMjAlMjAlM0MlMkZkaXYlM0UlMEQlMEElMjAlMjAlM0MlMkZkaXYlM0UlMEQlMEElMEQlMEElM0MlMkZkaXYlM0U=[\/vc_raw_html][vc_column_text]<span style=\"font-family: tahoma, arial, helvetica, sans-serif; color: #003366;\"><span style=\"font-size: 18.6667px;\"><span style=\"font-family: tahoma, arial, helvetica, sans-serif; color: #000080;\"><span style=\"color: #ff0000;\">&gt; <\/span><span style=\"color: #ff0000;\"><span style=\"color: #7b8bb0;\"><b>Aqua Expeditions &#8211; Aria Amazon<\/b><\/span><\/span><\/span><\/span><\/span><\/p>\n<p>&nbsp;<\/p>\n<section class=\"text-token-text-primary w-full focus:outline-none [--shadow-height:45px] has-data-writing-block:pointer-events-none has-data-writing-block:-mt-(--shadow-height) has-data-writing-block:pt-(--shadow-height) [&amp;:has([data-writing-block])&gt;*]:pointer-events-auto [content-visibility:auto] supports-[content-visibility:auto]:[contain-intrinsic-size:auto_100lvh] R6Vx5W_threadScrollVars scroll-mb-[calc(var(--scroll-root-safe-area-inset-bottom,0px)+var(--thread-response-height))] scroll-mt-[calc(var(--header-height)+min(200px,max(70px,20svh)))]\" dir=\"auto\" data-turn-id=\"request-WEB:aba25feb-1f1a-4cbe-b53c-5f37ae92fe01-0\" data-testid=\"conversation-turn-2\" data-scroll-anchor=\"false\" data-turn=\"assistant\">\n<div class=\"text-base my-auto mx-auto pb-10 [--thread-content-margin:var(--thread-content-margin-xs,calc(var(--spacing)*4))] @w-sm\/main:[--thread-content-margin:var(--thread-content-margin-sm,calc(var(--spacing)*6))] @w-lg\/main:[--thread-content-margin:var(--thread-content-margin-lg,calc(var(--spacing)*16))] px-(--thread-content-margin)\">\n<div class=\"[--thread-content-max-width:40rem] @w-lg\/main:[--thread-content-max-width:48rem] mx-auto max-w-(--thread-content-max-width) flex-1 group\/turn-messages focus-visible:outline-hidden relative flex w-full min-w-0 flex-col agent-turn\">\n<div class=\"flex max-w-full flex-col gap-4 grow\">\n<div class=\"min-h-8 text-message relative flex w-full flex-col items-end gap-2 text-start break-words whitespace-normal outline-none keyboard-focused:focus-ring [.text-message+&amp;]:mt-1\" dir=\"auto\" tabindex=\"0\" data-message-author-role=\"assistant\" data-message-id=\"b6faa90d-489b-47c9-89c6-4e2768c9c2bf\" data-message-model-slug=\"gpt-5-5\" data-turn-start-message=\"true\">\n<div class=\"flex w-full flex-col gap-1 empty:hidden\">\n<div class=\"markdown prose dark:prose-invert wrap-break-word w-full dark markdown-new-styling\">\n<p data-start=\"237\" data-end=\"507\">La mejor forma de explorarla es a trav\u00e9s de una expedici\u00f3n fluvial en Per\u00fa, donde nace el r\u00edo Amazonas por la uni\u00f3n de los r\u00edos Ucayali y Mara\u00f1\u00f3n. Esta zona es considerada una de las m\u00e1s v\u00edrgenes de la regi\u00f3n y permite observar de cerca la vida silvestre desde el r\u00edo.<\/p>\n<p data-start=\"509\" data-end=\"1103\" data-is-last-node=\"\" data-is-only-node=\"\">Aqua Expeditions, ofrece viajes en dos embarcaciones de lujo en la Amazon\u00eda peruana: el Aqua Nera, inspirado en las lagunas de aguas negras de la regi\u00f3n, y el Aria Amazon, dise\u00f1ado para brindar comodidad y lujo. Ambos barcos cuentan con diferentes itinerarios y excursiones guiadas dos veces al d\u00eda para observar animales como delfines rosados, monos ara\u00f1a, caimanes, perezosos y anacondas. Adem\u00e1s, los pasajeros pueden disfrutar de suites lujosas y espacios de relajaci\u00f3n como spa, piscina, jacuzzi, gimnasio y sala de cine.<\/p>\n<\/div>\n<\/div>\n<\/div>\n<\/div>\n<\/div>\n<div class=\"z-0 flex min-h-[46px] justify-start\"><strong style=\"color: #999999; font-family: tahoma, arial, helvetica, sans-serif; font-size: 14pt;\">\u2014\u2014\u2014\u2014\u2014\u2014\u2014\u2014\u2014\u2014\u2014\u2014\u2014\u2014\u2014\u2014\u2014\u2014\u2014\u2014\u2014\u2014\u2014\u2014\u2014\u2014\u2014\u2014<\/strong><\/div>\n<\/div>\n<\/section>\n<p><strong>Incluye<\/strong>:<\/p>\n<ul>\n<li>Alojamiento en cabinas\u00a0 suite (Programas de 3, 4 y 7 noches a bordo)<\/li>\n<li>Todas las comidas y bebidas no alcoh\u00f3licas.<\/li>\n<li>Excursiones diarias en compa\u00f1\u00eda de un Gu\u00eda biling\u00fce.<\/li>\n<li>Traslados In-Out desde-hacia Iquitos<\/li>\n<li>Entrada a la Reserva Nacional Pacaya Samiria<\/li>\n<li>Acceso a Wi-Fi de alta velocidad<\/li>\n<\/ul>\n<p>&nbsp;<\/p>\n<p><strong style=\"color: #999999; font-family: tahoma, arial, helvetica, sans-serif; font-size: 14pt;\">\u2014\u2014\u2014\u2014\u2014\u2014\u2014\u2014\u2014\u2014\u2014\u2014\u2014\u2014\u2014\u2014\u2014\u2014\u2014\u2014\u2014\u2014\u2014\u2014\u2014\u2014\u2014\u2014<\/strong><\/p>\n<p>&nbsp;<\/p>\n<p><strong>No incluye:<\/strong><\/p>\n<ul>\n<li>Tickets a\u00e9reos y tasas de embarque<\/li>\n<li>Propinas voluntarias<\/li>\n<li>Comidas y bebidas alcoh\u00f3licas no especificados en el programa<\/li>\n<li>Nada que no est\u00e9 especificado en el programa<\/li>\n<\/ul>\n<p><strong style=\"color: #999999; font-family: tahoma, arial, helvetica, sans-serif; font-size: 14pt;\">\u2014\u2014\u2014\u2014\u2014\u2014\u2014\u2014\u2014\u2014\u2014\u2014\u2014\u2014\u2014\u2014\u2014\u2014\u2014\u2014\u2014\u2014\u2014\u2014\u2014\u2014\u2014\u2014<\/strong><\/p>\n<p><strong data-start=\"0\" data-end=\"9\" data-is-only-node=\"\">Nota:<\/strong>\u00a0Para m\u00e1s informaci\u00f3n y condiciones, ingresar al tarifario web en la secci\u00f3n de productos.<\/p>\n<p>[\/vc_column_text][\/vc_column][\/vc_row]<\/p>\n<\/div>","protected":false},"excerpt":{"rendered":"<p>Amazonia Peruana<\/p>\n","protected":false},"featured_media":1599,"comment_status":"closed","ping_status":"closed","template":"","meta":[],"product_brand":[],"product_cat":[34],"product_tag":[],"class_list":{"0":"post-1598","1":"product","2":"type-product","3":"status-publish","4":"has-post-thumbnail","6":"product_cat-uncategorized","7":"tour_category-crucero","8":"tour_category-iquitos","10":"first","11":"instock","12":"featured","13":"shipping-taxable","14":"product-type-tour"},"_links":{"self":[{"href":"https:\/\/chirak.pe\/index.php?rest_route=\/wp\/v2\/product\/1598","targetHints":{"allow":["GET"]}}],"collection":[{"href":"https:\/\/chirak.pe\/index.php?rest_route=\/wp\/v2\/product"}],"about":[{"href":"https:\/\/chirak.pe\/index.php?rest_route=\/wp\/v2\/types\/product"}],"replies":[{"embeddable":true,"href":"https:\/\/chirak.pe\/index.php?rest_route=%2Fwp%2Fv2%2Fcomments&post=1598"}],"wp:featuredmedia":[{"embeddable":true,"href":"https:\/\/chirak.pe\/index.php?rest_route=\/wp\/v2\/media\/1599"}],"wp:attachment":[{"href":"https:\/\/chirak.pe\/index.php?rest_route=%2Fwp%2Fv2%2Fmedia&parent=1598"}],"wp:term":[{"taxonomy":"product_brand","embeddable":true,"href":"https:\/\/chirak.pe\/index.php?rest_route=%2Fwp%2Fv2%2Fproduct_brand&post=1598"},{"taxonomy":"product_cat","embeddable":true,"href":"https:\/\/chirak.pe\/index.php?rest_route=%2Fwp%2Fv2%2Fproduct_cat&post=1598"},{"taxonomy":"product_tag","embeddable":true,"href":"https:\/\/chirak.pe\/index.php?rest_route=%2Fwp%2Fv2%2Fproduct_tag&post=1598"}],"curies":[{"name":"wp","href":"https:\/\/api.w.org\/{rel}","templated":true}]}}