{"id":1595,"date":"2026-05-08T10:34:05","date_gmt":"2026-05-08T14:34:05","guid":{"rendered":"https:\/\/chirak.pe\/?post_type=product&#038;p=1595"},"modified":"2026-05-08T13:54:14","modified_gmt":"2026-05-08T17:54:14","slug":"explora-valle-sagrado-all-inclusive","status":"publish","type":"product","link":"https:\/\/chirak.pe\/?product=explora-valle-sagrado-all-inclusive","title":{"rendered":"Explora Valle Sagrado All Inclusive"},"content":{"rendered":"<div class=\"wpb-content-wrapper\"><p>[vc_row][vc_column][vc_raw_html css=&#8221;&#8221;]JTNDc3R5bGUlM0UlMEQlMEElNDBpbXBvcnQlMjB1cmwlMjglMjdodHRwcyUzQSUyRiUyRmZvbnRzLmdvb2dsZWFwaXMuY29tJTJGY3NzMiUzRmZhbWlseSUzREludGVyJTNBd2dodCU0MDQwMCUzQjUwMCUzQjYwMCUyNmRpc3BsYXklM0Rzd2FwJTI3JTI5JTNCJTBEJTBBJTBEJTBBLmJveC1pbmZvJTIwJTdCJTBEJTBBJTIwJTIwZGlzcGxheSUzQSUyMGZsZXglM0IlMEQlMEElMjAlMjBiYWNrZ3JvdW5kJTNBJTIwJTIzZjJmMmYyJTNCJTBEJTBBJTIwJTIwYm9yZGVyLXJhZGl1cyUzQSUyMDZweCUzQiUwRCUwQSUyMCUyMG92ZXJmbG93JTNBJTIwaGlkZGVuJTNCJTBEJTBBJTIwJTIwZm9udC1mYW1pbHklM0ElMjAlMjdJbnRlciUyNyUyQyUyMHNhbnMtc2VyaWYlM0IlMEQlMEElN0QlMEQlMEElMEQlMEEuaXRlbSUyMCU3QiUwRCUwQSUyMCUyMGZsZXglM0ElMjAxJTNCJTBEJTBBJTIwJTIwZGlzcGxheSUzQSUyMGZsZXglM0IlMEQlMEElMjAlMjBhbGlnbi1pdGVtcyUzQSUyMGNlbnRlciUzQiUwRCUwQSUyMCUyMHBhZGRpbmclM0ElMjAyMnB4JTIwMjhweCUzQiUwRCUwQSU3RCUwRCUwQSUwRCUwQS5pdGVtJTIwJTJCJTIwLml0ZW0lMjAlN0IlMEQlMEElMjAlMjBib3JkZXItbGVmdCUzQSUyMDFweCUyMHNvbGlkJTIwJTIzZTBlMGUwJTNCJTBEJTBBJTdEJTBEJTBBJTBEJTBBLmljb24lMjAlN0IlMEQlMEElMjAlMjB3aWR0aCUzQSUyMDQycHglM0IlMEQlMEElMjAlMjBoZWlnaHQlM0ElMjA0MnB4JTNCJTBEJTBBJTIwJTIwbWFyZ2luLXJpZ2h0JTNBJTIwMThweCUzQiUwRCUwQSU3RCUwRCUwQSUwRCUwQS50aXRsZSUyMCU3QiUwRCUwQSUyMCUyMGZvbnQtc2l6ZSUzQSUyMDE1cHglM0IlMEQlMEElMjAlMjBmb250LXdlaWdodCUzQSUyMDYwMCUzQiUwRCUwQSUyMCUyMGNvbG9yJTNBJTIwJTIzMmQyZDJkJTNCJTBEJTBBJTIwJTIwbWFyZ2luJTNBJTIwMCUzQiUwRCUwQSU3RCUwRCUwQSUwRCUwQS50ZXh0JTIwJTdCJTBEJTBBJTIwJTIwZm9udC1zaXplJTNBJTIwMTRweCUzQiUwRCUwQSUyMCUyMGNvbG9yJTNBJTIwJTIzOWE5YTlhJTNCJTBEJTBBJTIwJTIwbWFyZ2luLXRvcCUzQSUyMDNweCUzQiUwRCUwQSU3RCUwRCUwQSUwRCUwQSUyRiUyQSUyMFJlc3BvbnNpdmUlMjAlMkElMkYlMEQlMEElNDBtZWRpYSUyMCUyOG1heC13aWR0aCUzQSUyMDc2OHB4JTI5JTIwJTdCJTBEJTBBJTIwJTIwLmJveC1pbmZvJTIwJTdCJTBEJTBBJTIwJTIwJTIwJTIwZmxleC1kaXJlY3Rpb24lM0ElMjBjb2x1bW4lM0IlMEQlMEElMjAlMjAlN0QlMEQlMEElMjAlMjAuaXRlbSUyMCUyQiUyMC5pdGVtJTIwJTdCJTBEJTBBJTIwJTIwJTIwJTIwYm9yZGVyLWxlZnQlM0ElMjBub25lJTNCJTBEJTBBJTIwJTIwJTIwJTIwYm9yZGVyLXRvcCUzQSUyMDFweCUyMHNvbGlkJTIwJTIzZTBlMGUwJTNCJTBEJTBBJTIwJTIwJTdEJTBEJTBBJTdEJTBEJTBBJTNDJTJGc3R5bGUlM0UlMEQlMEElMEQlMEElM0NkaXYlMjBjbGFzcyUzRCUyMmJveC1pbmZvJTIyJTNFJTBEJTBBJTBEJTBBJTIwJTIwJTNDJTIxLS0lMjBEdXJhY2klQzMlQjNuJTIwLS0lM0UlMEQlMEElMjAlMjAlM0NkaXYlMjBjbGFzcyUzRCUyMml0ZW0lMjIlM0UlMEQlMEElMjAlMjAlMjAlMjAlM0NzdmclMjBjbGFzcyUzRCUyMmljb24lMjIlMjB2aWV3Qm94JTNEJTIyMCUyMDAlMjAyNCUyMDI0JTIyJTIwZmlsbCUzRCUyMm5vbmUlMjIlMjBzdHJva2UlM0QlMjIlMjM1YWE2ZjglMjIlMjBzdHJva2Utd2lkdGglM0QlMjIxLjglMjIlMjBzdHJva2UtbGluZWNhcCUzRCUyMnJvdW5kJTIyJTIwc3Ryb2tlLWxpbmVqb2luJTNEJTIycm91bmQlMjIlM0UlMEQlMEElMjAlMjAlMjAlMjAlMjAlMjAlM0NwYXRoJTIwZCUzRCUyMk0yMC4zNTQlMjAxNS4zNTRBOSUyMDklMjAwJTIwMSUyMDElMjA4LjY0NiUyMDMuNjQ2JTIwNyUyMDclMjAwJTIwMCUyMDAlMjAyMC4zNTQlMjAxNS4zNTR6JTIyJTJGJTNFJTBEJTBBJTIwJTIwJTIwJTIwJTNDJTJGc3ZnJTNFJTBEJTBBJTIwJTIwJTIwJTIwJTNDZGl2JTNFJTBEJTBBJTIwJTIwJTIwJTIwJTIwJTIwJTNDcCUyMGNsYXNzJTNEJTIydGl0bGUlMjIlM0VEdXJhY2klQzMlQjNuJTNDJTJGcCUzRSUwRCUwQSUyMCUyMCUyMCUyMCUyMCUyMCUzQ3AlMjBjbGFzcyUzRCUyMnRleHQlMjIlM0U4JTIwRCVDMyVBRGFzJTIwJTJGJTIwNyUyME5vY2hlcyUzQyUyRnAlM0UlMEQlMEElMjAlMjAlMjAlMjAlM0MlMkZkaXYlM0UlMEQlMEElMjAlMjAlM0MlMkZkaXYlM0UlMEQlMEElMEQlMEElMjAlMjAlM0MlMjEtLSUyMEZlY2hhcyUyMC0tJTNFJTBEJTBBJTIwJTIwJTNDZGl2JTIwY2xhc3MlM0QlMjJpdGVtJTIyJTNFJTBEJTBBJTIwJTIwJTIwJTIwJTNDc3ZnJTIwY2xhc3MlM0QlMjJpY29uJTIyJTIwdmlld0JveCUzRCUyMjAlMjAwJTIwMjQlMjAyNCUyMiUyMGZpbGwlM0QlMjJub25lJTIyJTIwc3Ryb2tlJTNEJTIyJTIzNWFhNmY4JTIyJTIwc3Ryb2tlLXdpZHRoJTNEJTIyMS44JTIyJTIwc3Ryb2tlLWxpbmVjYXAlM0QlMjJyb3VuZCUyMiUyMHN0cm9rZS1saW5lam9pbiUzRCUyMnJvdW5kJTIyJTNFJTBEJTBBJTIwJTIwJTIwJTIwJTIwJTIwJTNDcmVjdCUyMHglM0QlMjIzJTIyJTIweSUzRCUyMjUlMjIlMjB3aWR0aCUzRCUyMjE4JTIyJTIwaGVpZ2h0JTNEJTIyMTYlMjIlMjByeCUzRCUyMjIlMjIlMkYlM0UlMEQlMEElMjAlMjAlMjAlMjAlMjAlMjAlM0NsaW5lJTIweDElM0QlMjIxNiUyMiUyMHkxJTNEJTIyMyUyMiUyMHgyJTNEJTIyMTYlMjIlMjB5MiUzRCUyMjclMjIlMkYlM0UlMEQlMEElMjAlMjAlMjAlMjAlMjAlMjAlM0NsaW5lJTIweDElM0QlMjI4JTIyJTIweTElM0QlMjIzJTIyJTIweDIlM0QlMjI4JTIyJTIweTIlM0QlMjI3JTIyJTJGJTNFJTBEJTBBJTIwJTIwJTIwJTIwJTIwJTIwJTNDbGluZSUyMHgxJTNEJTIyMyUyMiUyMHkxJTNEJTIyMTElMjIlMjB4MiUzRCUyMjIxJTIyJTIweTIlM0QlMjIxMSUyMiUyRiUzRSUwRCUwQSUyMCUyMCUyMCUyMCUzQyUyRnN2ZyUzRSUwRCUwQSUyMCUyMCUyMCUyMCUzQ2RpdiUzRSUwRCUwQSUyMCUyMCUyMCUyMCUyMCUyMCUzQ3AlMjBjbGFzcyUzRCUyMnRpdGxlJTIyJTNFRmVjaGFzJTNDJTJGcCUzRSUwRCUwQSUyMCUyMCUyMCUyMCUyMCUyMCUzQ3AlMjBjbGFzcyUzRCUyMnRleHQlMjIlM0VFbmVybyUyRkRpY2llbWJyZSUzQyUyRnAlM0UlMEQlMEElMjAlMjAlMjAlMjAlM0MlMkZkaXYlM0UlMEQlMEElMjAlMjAlM0MlMkZkaXYlM0UlMEQlMEElMEQlMEElM0MlMkZkaXYlM0U=[\/vc_raw_html][vc_column_text]<span style=\"font-family: tahoma, arial, helvetica, sans-serif; color: #003366;\"><span style=\"font-size: 18.6667px;\"><span style=\"font-family: tahoma, arial, helvetica, sans-serif; color: #000080;\"><span style=\"color: #ff0000;\">&gt; <\/span><span style=\"color: #ff0000;\"><span style=\"color: #7b8bb0;\"><b>Explora Valle Sagrado<\/b><\/span><\/span><\/span><\/span><\/span><\/p>\n<p>&nbsp;<\/p>\n<p>Ubicado entre monta\u00f1as imponentes y una profunda herencia andina, el Valle Sagrado invita a una exploraci\u00f3n sin prisa, aut\u00e9ntica y profunda. Acompa\u00f1ado por nuestros gu\u00edas expertos de Explora, descubre las salineras de Maras, las terrazas agr\u00edcolas de Moray y pueblos tradicionales como Pisac y Chinchero. Recorre antiguos sitios incas en Ollantaytambo, suma a tu viaje una visita al ic\u00f3nico Machu Picchu.<\/p>\n<p><span style=\"font-family: tahoma, arial, helvetica, sans-serif; font-size: 14pt; color: #999999;\"><strong><span style=\"font-family: tahoma, arial, helvetica, sans-serif;\">\u2014\u2014\u2014\u2014\u2014\u2014\u2014\u2014\u2014\u2014\u2014\u2014\u2014\u2014\u2014\u2014\u2014\u2014\u2014\u2014\u2014\u2014\u2014\u2014\u2014\u2014\u2014\u2014<\/span><\/strong><\/span><\/p>\n<p><strong>Incluye<\/strong>:<\/p>\n<ul>\n<li>Alojamiento en habitaciones standard o suite (estad\u00eda m\u00ednima de 02 noches).<\/li>\n<li>Todas las comidas y bebidas.<\/li>\n<li>Excursiones diarias en compa\u00f1\u00eda de un Gu\u00eda biling\u00fce. Con mas de 40 exploraciones de d\u00eda completo o medio d\u00eda.<\/li>\n<li>Traslados In-Out desde-hacia Cusco<\/li>\n<li>Entradas a los parques nacionales<\/li>\n<\/ul>\n<p><strong style=\"color: #999999; font-family: tahoma, arial, helvetica, sans-serif; font-size: 14pt;\">\u2014\u2014\u2014\u2014\u2014\u2014\u2014\u2014\u2014\u2014\u2014\u2014\u2014\u2014\u2014\u2014\u2014\u2014\u2014\u2014\u2014\u2014\u2014\u2014\u2014\u2014\u2014\u2014<\/strong><\/p>\n<p><strong>No incluye:<\/strong><\/p>\n<ul>\n<li>Tickets a\u00e9reos y tasas de embarque<\/li>\n<li>Propinas voluntarias<\/li>\n<li>Comidas y brebajes no especificados en el programa<\/li>\n<li>Nada que no est\u00e9 especificado en el programa<\/li>\n<\/ul>\n<p><strong style=\"color: #999999; font-family: tahoma, arial, helvetica, sans-serif; font-size: 14pt;\">\u2014\u2014\u2014\u2014\u2014\u2014\u2014\u2014\u2014\u2014\u2014\u2014\u2014\u2014\u2014\u2014\u2014\u2014\u2014\u2014\u2014\u2014\u2014\u2014\u2014\u2014\u2014\u2014<\/strong><\/p>\n<p><strong data-start=\"0\" data-end=\"9\" data-is-only-node=\"\">Nota:<\/strong>\u00a0Para m\u00e1s informaci\u00f3n y condiciones, ingresar al tarifario web en la secci\u00f3n de productos.<\/p>\n<p>[\/vc_column_text][\/vc_column][\/vc_row]<\/p>\n<\/div>","protected":false},"excerpt":{"rendered":"<p>Valle Sagrado y Machu Picchu<\/p>\n","protected":false},"featured_media":1596,"comment_status":"closed","ping_status":"closed","template":"","meta":[],"product_brand":[],"product_cat":[34],"product_tag":[],"class_list":{"0":"post-1595","1":"product","2":"type-product","3":"status-publish","4":"has-post-thumbnail","6":"product_cat-uncategorized","7":"tour_category-all-inclusive","8":"tour_category-valle-sagrado","10":"first","11":"instock","12":"featured","13":"shipping-taxable","14":"product-type-tour"},"_links":{"self":[{"href":"https:\/\/chirak.pe\/index.php?rest_route=\/wp\/v2\/product\/1595","targetHints":{"allow":["GET"]}}],"collection":[{"href":"https:\/\/chirak.pe\/index.php?rest_route=\/wp\/v2\/product"}],"about":[{"href":"https:\/\/chirak.pe\/index.php?rest_route=\/wp\/v2\/types\/product"}],"replies":[{"embeddable":true,"href":"https:\/\/chirak.pe\/index.php?rest_route=%2Fwp%2Fv2%2Fcomments&post=1595"}],"wp:featuredmedia":[{"embeddable":true,"href":"https:\/\/chirak.pe\/index.php?rest_route=\/wp\/v2\/media\/1596"}],"wp:attachment":[{"href":"https:\/\/chirak.pe\/index.php?rest_route=%2Fwp%2Fv2%2Fmedia&parent=1595"}],"wp:term":[{"taxonomy":"product_brand","embeddable":true,"href":"https:\/\/chirak.pe\/index.php?rest_route=%2Fwp%2Fv2%2Fproduct_brand&post=1595"},{"taxonomy":"product_cat","embeddable":true,"href":"https:\/\/chirak.pe\/index.php?rest_route=%2Fwp%2Fv2%2Fproduct_cat&post=1595"},{"taxonomy":"product_tag","embeddable":true,"href":"https:\/\/chirak.pe\/index.php?rest_route=%2Fwp%2Fv2%2Fproduct_tag&post=1595"}],"curies":[{"name":"wp","href":"https:\/\/api.w.org\/{rel}","templated":true}]}}