{"id":1510,"date":"2026-04-28T13:54:37","date_gmt":"2026-04-28T17:54:37","guid":{"rendered":"https:\/\/chirak.pe\/?post_type=product&#038;p=1510"},"modified":"2026-04-30T17:01:42","modified_gmt":"2026-04-30T21:01:42","slug":"peru-esencias-del-sur-8d-7n","status":"publish","type":"product","link":"https:\/\/chirak.pe\/?product=peru-esencias-del-sur-8d-7n","title":{"rendered":"Per\u00fa Esencias del Sur 8D\/7N"},"content":{"rendered":"<div class=\"wpb-content-wrapper\"><p>[vc_row][vc_column][vc_raw_html css=&#8221;&#8221;]JTNDc3R5bGUlM0UlMEQlMEElNDBpbXBvcnQlMjB1cmwlMjglMjdodHRwcyUzQSUyRiUyRmZvbnRzLmdvb2dsZWFwaXMuY29tJTJGY3NzMiUzRmZhbWlseSUzREludGVyJTNBd2dodCU0MDQwMCUzQjUwMCUzQjYwMCUyNmRpc3BsYXklM0Rzd2FwJTI3JTI5JTNCJTBEJTBBJTBEJTBBLmJveC1pbmZvJTIwJTdCJTBEJTBBJTIwJTIwZGlzcGxheSUzQSUyMGZsZXglM0IlMEQlMEElMjAlMjBiYWNrZ3JvdW5kJTNBJTIwJTIzZjJmMmYyJTNCJTBEJTBBJTIwJTIwYm9yZGVyLXJhZGl1cyUzQSUyMDZweCUzQiUwRCUwQSUyMCUyMG92ZXJmbG93JTNBJTIwaGlkZGVuJTNCJTBEJTBBJTIwJTIwZm9udC1mYW1pbHklM0ElMjAlMjdJbnRlciUyNyUyQyUyMHNhbnMtc2VyaWYlM0IlMEQlMEElN0QlMEQlMEElMEQlMEEuaXRlbSUyMCU3QiUwRCUwQSUyMCUyMGZsZXglM0ElMjAxJTNCJTBEJTBBJTIwJTIwZGlzcGxheSUzQSUyMGZsZXglM0IlMEQlMEElMjAlMjBhbGlnbi1pdGVtcyUzQSUyMGNlbnRlciUzQiUwRCUwQSUyMCUyMHBhZGRpbmclM0ElMjAyMnB4JTIwMjhweCUzQiUwRCUwQSU3RCUwRCUwQSUwRCUwQS5pdGVtJTIwJTJCJTIwLml0ZW0lMjAlN0IlMEQlMEElMjAlMjBib3JkZXItbGVmdCUzQSUyMDFweCUyMHNvbGlkJTIwJTIzZTBlMGUwJTNCJTBEJTBBJTdEJTBEJTBBJTBEJTBBLmljb24lMjAlN0IlMEQlMEElMjAlMjB3aWR0aCUzQSUyMDQycHglM0IlMEQlMEElMjAlMjBoZWlnaHQlM0ElMjA0MnB4JTNCJTBEJTBBJTIwJTIwbWFyZ2luLXJpZ2h0JTNBJTIwMThweCUzQiUwRCUwQSU3RCUwRCUwQSUwRCUwQS50aXRsZSUyMCU3QiUwRCUwQSUyMCUyMGZvbnQtc2l6ZSUzQSUyMDE1cHglM0IlMEQlMEElMjAlMjBmb250LXdlaWdodCUzQSUyMDYwMCUzQiUwRCUwQSUyMCUyMGNvbG9yJTNBJTIwJTIzMmQyZDJkJTNCJTBEJTBBJTIwJTIwbWFyZ2luJTNBJTIwMCUzQiUwRCUwQSU3RCUwRCUwQSUwRCUwQS50ZXh0JTIwJTdCJTBEJTBBJTIwJTIwZm9udC1zaXplJTNBJTIwMTRweCUzQiUwRCUwQSUyMCUyMGNvbG9yJTNBJTIwJTIzOWE5YTlhJTNCJTBEJTBBJTIwJTIwbWFyZ2luLXRvcCUzQSUyMDNweCUzQiUwRCUwQSU3RCUwRCUwQSUwRCUwQSUyRiUyQSUyMFJlc3BvbnNpdmUlMjAlMkElMkYlMEQlMEElNDBtZWRpYSUyMCUyOG1heC13aWR0aCUzQSUyMDc2OHB4JTI5JTIwJTdCJTBEJTBBJTIwJTIwLmJveC1pbmZvJTIwJTdCJTBEJTBBJTIwJTIwJTIwJTIwZmxleC1kaXJlY3Rpb24lM0ElMjBjb2x1bW4lM0IlMEQlMEElMjAlMjAlN0QlMEQlMEElMjAlMjAuaXRlbSUyMCUyQiUyMC5pdGVtJTIwJTdCJTBEJTBBJTIwJTIwJTIwJTIwYm9yZGVyLWxlZnQlM0ElMjBub25lJTNCJTBEJTBBJTIwJTIwJTIwJTIwYm9yZGVyLXRvcCUzQSUyMDFweCUyMHNvbGlkJTIwJTIzZTBlMGUwJTNCJTBEJTBBJTIwJTIwJTdEJTBEJTBBJTdEJTBEJTBBJTNDJTJGc3R5bGUlM0UlMEQlMEElMEQlMEElM0NkaXYlMjBjbGFzcyUzRCUyMmJveC1pbmZvJTIyJTNFJTBEJTBBJTBEJTBBJTIwJTIwJTNDJTIxLS0lMjBEdXJhY2klQzMlQjNuJTIwLS0lM0UlMEQlMEElMjAlMjAlM0NkaXYlMjBjbGFzcyUzRCUyMml0ZW0lMjIlM0UlMEQlMEElMjAlMjAlMjAlMjAlM0NzdmclMjBjbGFzcyUzRCUyMmljb24lMjIlMjB2aWV3Qm94JTNEJTIyMCUyMDAlMjAyNCUyMDI0JTIyJTIwZmlsbCUzRCUyMm5vbmUlMjIlMjBzdHJva2UlM0QlMjIlMjM1YWE2ZjglMjIlMjBzdHJva2Utd2lkdGglM0QlMjIxLjglMjIlMjBzdHJva2UtbGluZWNhcCUzRCUyMnJvdW5kJTIyJTIwc3Ryb2tlLWxpbmVqb2luJTNEJTIycm91bmQlMjIlM0UlMEQlMEElMjAlMjAlMjAlMjAlMjAlMjAlM0NwYXRoJTIwZCUzRCUyMk0yMC4zNTQlMjAxNS4zNTRBOSUyMDklMjAwJTIwMSUyMDElMjA4LjY0NiUyMDMuNjQ2JTIwNyUyMDclMjAwJTIwMCUyMDAlMjAyMC4zNTQlMjAxNS4zNTR6JTIyJTJGJTNFJTBEJTBBJTIwJTIwJTIwJTIwJTNDJTJGc3ZnJTNFJTBEJTBBJTIwJTIwJTIwJTIwJTNDZGl2JTNFJTBEJTBBJTIwJTIwJTIwJTIwJTIwJTIwJTNDcCUyMGNsYXNzJTNEJTIydGl0bGUlMjIlM0VEdXJhY2klQzMlQjNuJTNDJTJGcCUzRSUwRCUwQSUyMCUyMCUyMCUyMCUyMCUyMCUzQ3AlMjBjbGFzcyUzRCUyMnRleHQlMjIlM0U4JTIwRCVDMyVBRGFzJTIwJTJGJTIwNyUyME5vY2hlcyUzQyUyRnAlM0UlMEQlMEElMjAlMjAlMjAlMjAlM0MlMkZkaXYlM0UlMEQlMEElMjAlMjAlM0MlMkZkaXYlM0UlMEQlMEElMEQlMEElMjAlMjAlM0MlMjEtLSUyMEZlY2hhcyUyMC0tJTNFJTBEJTBBJTIwJTIwJTNDZGl2JTIwY2xhc3MlM0QlMjJpdGVtJTIyJTNFJTBEJTBBJTIwJTIwJTIwJTIwJTNDc3ZnJTIwY2xhc3MlM0QlMjJpY29uJTIyJTIwdmlld0JveCUzRCUyMjAlMjAwJTIwMjQlMjAyNCUyMiUyMGZpbGwlM0QlMjJub25lJTIyJTIwc3Ryb2tlJTNEJTIyJTIzNWFhNmY4JTIyJTIwc3Ryb2tlLXdpZHRoJTNEJTIyMS44JTIyJTIwc3Ryb2tlLWxpbmVjYXAlM0QlMjJyb3VuZCUyMiUyMHN0cm9rZS1saW5lam9pbiUzRCUyMnJvdW5kJTIyJTNFJTBEJTBBJTIwJTIwJTIwJTIwJTIwJTIwJTNDcmVjdCUyMHglM0QlMjIzJTIyJTIweSUzRCUyMjUlMjIlMjB3aWR0aCUzRCUyMjE4JTIyJTIwaGVpZ2h0JTNEJTIyMTYlMjIlMjByeCUzRCUyMjIlMjIlMkYlM0UlMEQlMEElMjAlMjAlMjAlMjAlMjAlMjAlM0NsaW5lJTIweDElM0QlMjIxNiUyMiUyMHkxJTNEJTIyMyUyMiUyMHgyJTNEJTIyMTYlMjIlMjB5MiUzRCUyMjclMjIlMkYlM0UlMEQlMEElMjAlMjAlMjAlMjAlMjAlMjAlM0NsaW5lJTIweDElM0QlMjI4JTIyJTIweTElM0QlMjIzJTIyJTIweDIlM0QlMjI4JTIyJTIweTIlM0QlMjI3JTIyJTJGJTNFJTBEJTBBJTIwJTIwJTIwJTIwJTIwJTIwJTNDbGluZSUyMHgxJTNEJTIyMyUyMiUyMHkxJTNEJTIyMTElMjIlMjB4MiUzRCUyMjIxJTIyJTIweTIlM0QlMjIxMSUyMiUyRiUzRSUwRCUwQSUyMCUyMCUyMCUyMCUzQyUyRnN2ZyUzRSUwRCUwQSUyMCUyMCUyMCUyMCUzQ2RpdiUzRSUwRCUwQSUyMCUyMCUyMCUyMCUyMCUyMCUzQ3AlMjBjbGFzcyUzRCUyMnRpdGxlJTIyJTNFRmVjaGFzJTNDJTJGcCUzRSUwRCUwQSUyMCUyMCUyMCUyMCUyMCUyMCUzQ3AlMjBjbGFzcyUzRCUyMnRleHQlMjIlM0VFbmVybyUyRkRpY2llbWJyZSUzQyUyRnAlM0UlMEQlMEElMjAlMjAlMjAlMjAlM0MlMkZkaXYlM0UlMEQlMEElMjAlMjAlM0MlMkZkaXYlM0UlMEQlMEElMEQlMEElM0MlMkZkaXYlM0U=[\/vc_raw_html][vc_column_text][vc_row][vc_column width=&#8221;1\/1&#8243;][vc_column_text]<span style=\"font-family: tahoma, arial, helvetica, sans-serif; color: #003366;\"><span style=\"font-size: 18.6667px;\"><span style=\"font-family: tahoma, arial, helvetica, sans-serif; color: #000080;\"><span style=\"color: #ff0000;\">&gt; <\/span><span style=\"color: #ff0000;\"><span style=\"color: #7b8bb0;\"><b>PER\u00da ESENCIAS DEL SUR<\/b><\/span><\/span><\/span><\/span><\/span><\/p>\n<p><span style=\"font-family: tahoma, arial, helvetica, sans-serif; font-size: 14pt; color: #999999;\"><strong><span style=\"font-family: tahoma, arial, helvetica, sans-serif;\">\u2014\u2014\u2014\u2014\u2014\u2014\u2014\u2014\u2014\u2014\u2014\u2014\u2014\u2014\u2014\u2014\u2014\u2014\u2014\u2014\u2014\u2014\u2014\u2014\u2014\u2014\u2014\u2014<\/span><\/strong><\/span><\/p>\n<p><strong>Inicio: <\/strong>Aeropuerto Jorge Ch\u00e1vez (Lima)<\/p>\n<p><strong>Termino <\/strong>Aeropuerto Alfredo Rodr\u00edguez Ball\u00f3n (Arequipa)<\/p>\n<p>&nbsp;<\/p>\n<p>D\u00eda 01 \u00a0\u00a0\u00a0Aeropuerto Jorge Ch\u00e1vez (Lima) \u2013 Transfer In<\/p>\n<p>D\u00eda 02\u00a0 \u00a0\u00a0 City Tour Lima Moderna y Colonial<\/p>\n<p>D\u00eda 03\u00a0\u00a0\u00a0\u00a0 Full Day Paracas \u2013 Ica (incluye Movilidad Lima \u2013 Paracas \u2013 Ica, Tour Nautico Islas Ballestas y Candelabro, visita a una vitivin\u00edcola, almuerzo, Oasis de Huacachina, paseo en Buggies y Sandbording.<\/p>\n<p>D\u00eda 04\u00a0\u00a0\u00a0\u00a0 Hote \/ Aeropuerto Jorge Ch\u00e1vez (Lima) &#8211; Transfer out<\/p>\n<p>Aeropuerto Alfredo Rodr\u00edguez Ball\u00f3n (Arequipa) \u2013 Transfer In<\/p>\n<p>City Tour Arequipa y Convento Santa Catalina<\/p>\n<p>D\u00eda 05\u00a0\u00a0 \u00a0\u00a0Visita Ca\u00f1\u00f3n del Colca, programa 02 d\u00edas 01 noche (incluye dos almuerzos)<\/p>\n<p>D\u00eda 06\u00a0 \u00a0\u00a0\u00a0Retorno a la ciudad de Arequipa<\/p>\n<p>D\u00eda 07\u00a0\u00a0\u00a0\u00a0 Tour Campi\u00f1a Arequipe\u00f1a<\/p>\n<p>D\u00eda 08\u00a0\u00a0 \u00a0\u00a0Hotel \/ Aeropuerto Alfredo Rodr\u00edguez Ball\u00f3n (Arequipa) Transfer out<\/p>\n<p><span style=\"font-family: tahoma, arial, helvetica, sans-serif; font-size: 14pt; color: #999999;\"><strong><span style=\"font-family: tahoma, arial, helvetica, sans-serif;\">\u2014\u2014\u2014\u2014\u2014\u2014\u2014\u2014\u2014\u2014\u2014\u2014\u2014\u2014\u2014\u2014\u2014\u2014\u2014\u2014\u2014\u2014\u2014\u2014\u2014\u2014\u2014\u2014<\/span><\/strong><\/span><\/p>\n<p><strong>Incluye:<\/strong><\/p>\n<ul>\n<li>Traslado Aeropuerto Jorge Ch\u00e1vez \/ Hotel seleccionado Lima\/ aeropuerto<\/li>\n<li>City Tour Lima Moderna y Colonial<\/li>\n<li>Full day Paracas &#8211; Ica<\/li>\n<li>Traslado Aeropuerto Alfredo Rodr\u00edguez Ball\u00f3n \/ Hotel seleccionado Arequipa\/ aeropuerto<\/li>\n<li>Visita de la ciudad de Arequipa y Convento Santa Catalina<\/li>\n<li>Visita Ca\u00f1\u00f3n del Colca 02 d\u00edas 01 noche (incluye dos almuerzos)<\/li>\n<li>Visita Campi\u00f1a Arequipe\u00f1a<\/li>\n<li>03 Noches de alojamiento Hotel seleccionado en Lima<\/li>\n<li>03 Noches de alojamiento Hotel seleccionado en Arequipa<\/li>\n<li>01 Noche de alojamiento Hotel seleccionado en Chivay o fuera de Chivay<\/li>\n<\/ul>\n<p><span style=\"font-family: tahoma, arial, helvetica, sans-serif; font-size: 14pt; color: #999999;\"><strong><span style=\"font-family: tahoma, arial, helvetica, sans-serif;\">\u2014\u2014\u2014\u2014\u2014\u2014\u2014\u2014\u2014\u2014\u2014\u2014\u2014\u2014\u2014\u2014\u2014\u2014\u2014\u2014\u2014\u2014\u2014\u2014\u2014\u2014\u2014\u2014<\/span><\/strong><\/span><\/p>\n<p><strong>No incluye:<\/strong><\/p>\n<ul>\n<li>Tickets a\u00e9reos<\/li>\n<li>Propinas voluntarias<\/li>\n<li>Comidas y brebajes no especificados en el programa<\/li>\n<li>Nada que no est\u00e9 especificado en el programa<\/li>\n<\/ul>\n<p>[\/vc_column_text][\/vc_column][\/vc_row]<\/p>\n<\/div>","protected":false},"excerpt":{"rendered":"<p>Lima y Arequipa<\/p>\n","protected":false},"featured_media":1559,"comment_status":"closed","ping_status":"closed","template":"","meta":[],"product_brand":[],"product_cat":[103,105],"product_tag":[],"class_list":{"0":"post-1510","1":"product","2":"type-product","3":"status-publish","4":"has-post-thumbnail","6":"product_cat-circuitos","7":"product_cat-programas","8":"tour_category-arequipa","9":"tour_category-lima","11":"first","12":"instock","13":"featured","14":"shipping-taxable","15":"product-type-tour"},"_links":{"self":[{"href":"https:\/\/chirak.pe\/index.php?rest_route=\/wp\/v2\/product\/1510","targetHints":{"allow":["GET"]}}],"collection":[{"href":"https:\/\/chirak.pe\/index.php?rest_route=\/wp\/v2\/product"}],"about":[{"href":"https:\/\/chirak.pe\/index.php?rest_route=\/wp\/v2\/types\/product"}],"replies":[{"embeddable":true,"href":"https:\/\/chirak.pe\/index.php?rest_route=%2Fwp%2Fv2%2Fcomments&post=1510"}],"wp:featuredmedia":[{"embeddable":true,"href":"https:\/\/chirak.pe\/index.php?rest_route=\/wp\/v2\/media\/1559"}],"wp:attachment":[{"href":"https:\/\/chirak.pe\/index.php?rest_route=%2Fwp%2Fv2%2Fmedia&parent=1510"}],"wp:term":[{"taxonomy":"product_brand","embeddable":true,"href":"https:\/\/chirak.pe\/index.php?rest_route=%2Fwp%2Fv2%2Fproduct_brand&post=1510"},{"taxonomy":"product_cat","embeddable":true,"href":"https:\/\/chirak.pe\/index.php?rest_route=%2Fwp%2Fv2%2Fproduct_cat&post=1510"},{"taxonomy":"product_tag","embeddable":true,"href":"https:\/\/chirak.pe\/index.php?rest_route=%2Fwp%2Fv2%2Fproduct_tag&post=1510"}],"curies":[{"name":"wp","href":"https:\/\/api.w.org\/{rel}","templated":true}]}}