{"id":1502,"date":"2026-04-28T13:39:06","date_gmt":"2026-04-28T17:39:06","guid":{"rendered":"https:\/\/chirak.pe\/?post_type=product&#038;p=1502"},"modified":"2026-04-28T18:17:20","modified_gmt":"2026-04-28T22:17:20","slug":"aventura-en-el-canon-del-colca-5d-4n","status":"publish","type":"product","link":"https:\/\/chirak.pe\/?product=aventura-en-el-canon-del-colca-5d-4n","title":{"rendered":"Aventura en el Ca\u00f1\u00f3n del Colca 5D\/4N"},"content":{"rendered":"<p>[vc_column_text]<span style=\"font-family: tahoma, arial, helvetica, sans-serif; color: #003366;\"><span style=\"font-size: 18.6667px;\"><span style=\"font-family: tahoma, arial, helvetica, sans-serif; color: #000080;\"><span style=\"color: #ff0000;\">&gt; <\/span><span style=\"color: #ff0000;\"><span style=\"color: #7b8bb0;\"><b>AVENTURA EN EL CA\u00d1\u00d3N DEL COLCA<\/b><\/span><\/span><\/span><\/span><\/span><\/p>\n<p><span style=\"font-family: tahoma, arial, helvetica, sans-serif; font-size: 14pt; color: #999999;\"><strong><span style=\"font-family: tahoma, arial, helvetica, sans-serif;\">\u2014\u2014\u2014\u2014\u2014\u2014\u2014\u2014\u2014\u2014\u2014\u2014\u2014\u2014\u2014\u2014\u2014\u2014\u2014\u2014\u2014\u2014\u2014\u2014\u2014\u2014\u2014\u2014<\/span><\/strong><\/span><\/p>\n<p><strong>\u00a0<\/strong><\/p>\n<p><strong>Inicio y Termino <\/strong>Aeropuerto Alfredo Rodr\u00edguez Ball\u00f3n (Arequipa)<\/p>\n<p>D\u00eda 01\u00a0\u00a0\u00a0 \u00a0Aeropuerto Alfredo Rodr\u00edguez Ball\u00f3n (Arequipa) \u2013 Transfer In<\/p>\n<p>D\u00eda 02\u00a0\u00a0\u00a0\u00a0 HD City Tour Arequipa y Convento Santa Catalina<\/p>\n<p>D\u00eda 03\u00a0\u00a0\u00a0 \u00a0Visita Ca\u00f1\u00f3n del Colca, programa 02 d\u00edas 01 noche (incluye dos almuerzos)<\/p>\n<p>D\u00eda 04 \u00a0\u00a0\u00a0\u00a0Retorno a la ciudad de Arequipa<\/p>\n<p>D\u00eda 05\u00a0\u00a0\u00a0 \u00a0Hotel \/ Aeropuerto Alfredo Rodr\u00edguez Ball\u00f3n (Arequipa) Transfer out<\/p>\n<p><span style=\"font-family: tahoma, arial, helvetica, sans-serif; font-size: 14pt; color: #999999;\"><strong><span style=\"font-family: tahoma, arial, helvetica, sans-serif;\">\u2014\u2014\u2014\u2014\u2014\u2014\u2014\u2014\u2014\u2014\u2014\u2014\u2014\u2014\u2014\u2014\u2014\u2014\u2014\u2014\u2014\u2014\u2014\u2014\u2014\u2014\u2014\u2014<\/span><\/strong><\/span><\/p>\n<p><strong>Incluye:<\/strong><\/p>\n<ul>\n<li>Traslado Aeropuerto Alfredo Rodr\u00edguez Ball\u00f3n \/ Hotel seleccionado Arequipa\/ aeropuerto<\/li>\n<li>Visita de la ciudad de Arequipa y Convento Santa Catalina<\/li>\n<li>Visita Ca\u00f1\u00f3n del Colca 02 d\u00edas 01 noche (incluye dos almuerzos)<\/li>\n<li>03 Noches de alojamiento Hotel seleccionado en Arequipa<\/li>\n<li>01 Noche de alojamiento Hotel seleccionado en Chivay o fuera de Chivay<\/li>\n<\/ul>\n<p><span style=\"font-family: tahoma, arial, helvetica, sans-serif; font-size: 14pt; color: #999999;\"><strong><span style=\"font-family: tahoma, arial, helvetica, sans-serif;\">\u2014\u2014\u2014\u2014\u2014\u2014\u2014\u2014\u2014\u2014\u2014\u2014\u2014\u2014\u2014\u2014\u2014\u2014\u2014\u2014\u2014\u2014\u2014\u2014\u2014\u2014\u2014\u2014<\/span><\/strong><\/span><\/p>\n<p><strong>No incluye:<\/strong><\/p>\n<ul>\n<li>Tickets a\u00e9reos<\/li>\n<li>Propinas voluntarias<\/li>\n<li>Comidas y brebajes no especificados en el programa<\/li>\n<li>Nada que no est\u00e9 especificado en el programa<\/li>\n<\/ul>\n","protected":false},"excerpt":{"rendered":"<p>Arequipa<\/p>\n","protected":false},"featured_media":1509,"comment_status":"closed","ping_status":"closed","template":"","meta":[],"product_brand":[],"product_cat":[103,105],"product_tag":[],"class_list":{"0":"post-1502","1":"product","2":"type-product","3":"status-publish","4":"has-post-thumbnail","6":"product_cat-circuitos","7":"product_cat-programas","8":"tour_category-arequipa","10":"first","11":"instock","12":"featured","13":"shipping-taxable","14":"product-type-tour"},"_links":{"self":[{"href":"https:\/\/chirak.pe\/index.php?rest_route=\/wp\/v2\/product\/1502","targetHints":{"allow":["GET"]}}],"collection":[{"href":"https:\/\/chirak.pe\/index.php?rest_route=\/wp\/v2\/product"}],"about":[{"href":"https:\/\/chirak.pe\/index.php?rest_route=\/wp\/v2\/types\/product"}],"replies":[{"embeddable":true,"href":"https:\/\/chirak.pe\/index.php?rest_route=%2Fwp%2Fv2%2Fcomments&post=1502"}],"wp:featuredmedia":[{"embeddable":true,"href":"https:\/\/chirak.pe\/index.php?rest_route=\/wp\/v2\/media\/1509"}],"wp:attachment":[{"href":"https:\/\/chirak.pe\/index.php?rest_route=%2Fwp%2Fv2%2Fmedia&parent=1502"}],"wp:term":[{"taxonomy":"product_brand","embeddable":true,"href":"https:\/\/chirak.pe\/index.php?rest_route=%2Fwp%2Fv2%2Fproduct_brand&post=1502"},{"taxonomy":"product_cat","embeddable":true,"href":"https:\/\/chirak.pe\/index.php?rest_route=%2Fwp%2Fv2%2Fproduct_cat&post=1502"},{"taxonomy":"product_tag","embeddable":true,"href":"https:\/\/chirak.pe\/index.php?rest_route=%2Fwp%2Fv2%2Fproduct_tag&post=1502"}],"curies":[{"name":"wp","href":"https:\/\/api.w.org\/{rel}","templated":true}]}}