{"id":1499,"date":"2026-04-28T13:13:09","date_gmt":"2026-04-28T17:13:09","guid":{"rendered":"https:\/\/chirak.pe\/?post_type=product&#038;p=1499"},"modified":"2026-04-28T17:38:49","modified_gmt":"2026-04-28T21:38:49","slug":"arequipa-ciudad-blanca-3d-2n","status":"publish","type":"product","link":"https:\/\/chirak.pe\/?product=arequipa-ciudad-blanca-3d-2n","title":{"rendered":"Arequipa Ciudad Blanca 3D\/2N"},"content":{"rendered":"<p>[vc_column_text css=&#8221;&#8221;]<\/p>\n<div class=\"box-info\">\n<div class=\"item\">\n<div>\n<p class=\"text\">[vc_column_text]<span style=\"font-family: tahoma, arial, helvetica, sans-serif; color: #003366;\"><span style=\"font-size: 18.6667px;\"><span style=\"font-family: tahoma, arial, helvetica, sans-serif; color: #000080;\"><span style=\"color: #ff0000;\">&gt; <\/span><span style=\"color: #ff0000;\"><span style=\"color: #7b8bb0;\"><b>AREQUIPA CIUDAD BLANCA<\/b><\/span><\/span><\/span><\/span><\/span><\/p>\n<\/div>\n<\/div>\n<\/div>\n<p><span style=\"font-family: tahoma, arial, helvetica, sans-serif; font-size: 14pt; color: #999999;\"><strong><span style=\"font-family: tahoma, arial, helvetica, sans-serif;\">\u2014\u2014\u2014\u2014\u2014\u2014\u2014\u2014\u2014\u2014\u2014\u2014\u2014\u2014\u2014\u2014\u2014\u2014\u2014\u2014\u2014\u2014\u2014\u2014\u2014\u2014\u2014\u2014<\/span><\/strong><\/span><\/p>\n<p><strong>Inicio y Termino: <\/strong>Aeropuerto Alfredo Rodr\u00edguez Ball\u00f3n (Arequipa)<\/p>\n<p>D\u00eda 01&nbsp;&nbsp;&nbsp; &nbsp;Aeropuerto Alfredo Rodr\u00edguez Ball\u00f3n (Arequipa) \u2013 Transfer In<\/p>\n<p>D\u00eda 02&nbsp;&nbsp;&nbsp;&nbsp; HD City Tour Arequipa y Convento Santa Catalina<\/p>\n<p>D\u00eda 03&nbsp;&nbsp;&nbsp; &nbsp;Hotel \/ Aeropuerto Alfredo Rodr\u00edguez Ball\u00f3n (Arequipa) Transfer out<\/p>\n<p><span style=\"font-family: tahoma, arial, helvetica, sans-serif; font-size: 14pt; color: #999999;\"><strong><span style=\"font-family: tahoma, arial, helvetica, sans-serif;\">\u2014\u2014\u2014\u2014\u2014\u2014\u2014\u2014\u2014\u2014\u2014\u2014\u2014\u2014\u2014\u2014\u2014\u2014\u2014\u2014\u2014\u2014\u2014\u2014\u2014\u2014\u2014\u2014<\/span><\/strong><\/span><\/p>\n<p><strong>Incluye:<\/strong><\/p>\n<ul>\n<li>Traslado Aeropuerto Alfredo Rodr\u00edguez Ball\u00f3n \/ Hotel seleccionado Arequipa\/ aeropuerto<\/li>\n<li>Visita de la ciudad de Arequipa y Convento Santa Catalina<\/li>\n<li>02 Noches de alojamiento Hotel seleccionado en Arequipa<\/li>\n<\/ul>\n<p><span style=\"font-family: tahoma, arial, helvetica, sans-serif; font-size: 14pt; color: #999999;\"><strong><span style=\"font-family: tahoma, arial, helvetica, sans-serif;\">\u2014\u2014\u2014\u2014\u2014\u2014\u2014\u2014\u2014\u2014\u2014\u2014\u2014\u2014\u2014\u2014\u2014\u2014\u2014\u2014\u2014\u2014\u2014\u2014\u2014\u2014\u2014\u2014<\/span><\/strong><\/span><\/p>\n<p><strong>No incluye:<\/strong><\/p>\n<ul>\n<li>Tickets a\u00e9reos<\/li>\n<li>Propinas voluntarias<\/li>\n<li>Comidas y brebajes no especificados en el programa<\/li>\n<li>Nada que no est\u00e9 especificado en el programa<\/li>\n<\/ul>\n<p>[\/vc_column_text]<\/p>\n","protected":false},"excerpt":{"rendered":"<p>Arequipa<\/p>\n","protected":false},"featured_media":1512,"comment_status":"closed","ping_status":"closed","template":"","meta":[],"product_brand":[],"product_cat":[103,105],"product_tag":[],"class_list":{"0":"post-1499","1":"product","2":"type-product","3":"status-publish","4":"has-post-thumbnail","6":"product_cat-circuitos","7":"product_cat-programas","8":"tour_category-arequipa","9":"tour_category-iglesias","11":"first","12":"instock","13":"featured","14":"shipping-taxable","15":"product-type-tour"},"_links":{"self":[{"href":"https:\/\/chirak.pe\/index.php?rest_route=\/wp\/v2\/product\/1499","targetHints":{"allow":["GET"]}}],"collection":[{"href":"https:\/\/chirak.pe\/index.php?rest_route=\/wp\/v2\/product"}],"about":[{"href":"https:\/\/chirak.pe\/index.php?rest_route=\/wp\/v2\/types\/product"}],"replies":[{"embeddable":true,"href":"https:\/\/chirak.pe\/index.php?rest_route=%2Fwp%2Fv2%2Fcomments&post=1499"}],"wp:featuredmedia":[{"embeddable":true,"href":"https:\/\/chirak.pe\/index.php?rest_route=\/wp\/v2\/media\/1512"}],"wp:attachment":[{"href":"https:\/\/chirak.pe\/index.php?rest_route=%2Fwp%2Fv2%2Fmedia&parent=1499"}],"wp:term":[{"taxonomy":"product_brand","embeddable":true,"href":"https:\/\/chirak.pe\/index.php?rest_route=%2Fwp%2Fv2%2Fproduct_brand&post=1499"},{"taxonomy":"product_cat","embeddable":true,"href":"https:\/\/chirak.pe\/index.php?rest_route=%2Fwp%2Fv2%2Fproduct_cat&post=1499"},{"taxonomy":"product_tag","embeddable":true,"href":"https:\/\/chirak.pe\/index.php?rest_route=%2Fwp%2Fv2%2Fproduct_tag&post=1499"}],"curies":[{"name":"wp","href":"https:\/\/api.w.org\/{rel}","templated":true}]}}