{"id":1346,"date":"2024-01-22T19:39:45","date_gmt":"2024-01-22T22:39:45","guid":{"rendered":"https:\/\/chirak.pe\/?post_type=product&#038;p=1346"},"modified":"2026-04-17T18:02:16","modified_gmt":"2026-04-17T22:02:16","slug":"amanecer-andino-7d-6n","status":"publish","type":"product","link":"https:\/\/chirak.pe\/?product=amanecer-andino-7d-6n","title":{"rendered":"Amanecer Andino 7D\/6N"},"content":{"rendered":"<p style=\"text-align: justify;\"><span style=\"color: #800080;\"><b>LIMA, CUSCO Y AGUAS CALIENTES<\/b><\/span><\/p>\n<table class=\"table table-bordered tours-tabs__table\" style=\"height: 233px;\" width=\"862\">\n<tbody>\n<tr>\n<td><strong>INICIO\/SALIDA<\/strong><\/td>\n<td>\n<h4><span style=\"font-weight: 400;\">A<strong>eropuerto Jorge Ch\u00e1vez (Lima)<\/strong><\/span><strong>\u00a0 \/ Aeropuerto Velasco Astete &#8211; Cusco<\/strong><\/h4>\n<\/td>\n<\/tr>\n<tr>\n<td><strong>HORA DE INICIO<\/strong><\/td>\n<td>A la hora indicada<\/td>\n<\/tr>\n<tr>\n<td><strong>INCLUYE<\/strong><\/td>\n<td>\n<table class=\"table table-bordered\" style=\"height: 486px; width: 522px;\" width=\"300\">\n<tbody>\n<tr>\n<td style=\"width: 52.5147%;\">\n<ul>\n<li style=\"font-weight: 400;\" aria-level=\"1\">Traslado Aeropuerto Jorge Ch\u00e1vez Lima \/ Hotel\u00a0 \/Aeropuerto Lima<\/li>\n<\/ul>\n<\/td>\n<td style=\"width: 50.2372%;\">\n<ul>\n<li style=\"font-weight: 400;\" aria-level=\"1\">Excursi\u00f3n d\u00eda completo\u00a0 Valle Sagrado de los Incas + almuerzo<\/li>\n<li style=\"font-weight: 400;\" aria-level=\"1\">Excursi\u00f3n d\u00eda completo\u00a0 Machu Picchu en tren expedition + almuerzo<\/li>\n<\/ul>\n<\/td>\n<\/tr>\n<tr>\n<td style=\"width: 52.5147%;\">\n<ul>\n<li>City Tour Lima Moderna y Colonial<\/li>\n<\/ul>\n<\/td>\n<td style=\"width: 50.2372%;\">\n<ul>\n<li>02 Noches de alojamiento Hotel seleccionado en Lima<\/li>\n<\/ul>\n<\/td>\n<\/tr>\n<tr>\n<td style=\"width: 52.5147%;\">\n<ul>\n<li style=\"font-weight: 400;\" aria-level=\"1\">Traslados Aeropuerto Velasco Astete ( Cusco )\u00a0 \/ Hotel \/ Aeropuerto Cusco<\/li>\n<\/ul>\n<\/td>\n<td style=\"width: 50.2372%;\">\n<ul>\n<li>03 Noches de alojamiento Hotel seleccionado en Cusco<\/li>\n<\/ul>\n<\/td>\n<\/tr>\n<tr>\n<td style=\"width: 52.5147%;\">\n<ul>\n<li style=\"font-weight: 400;\" aria-level=\"1\">Visita de la ciudad\u00a0 y Ruinas cercanas<\/li>\n<\/ul>\n<\/td>\n<td style=\"width: 50.2372%;\">\n<ul>\n<li style=\"font-weight: 400;\" aria-level=\"1\">01 Noche de alojamiento Hotel seleccionado en Aguas Calientes<\/li>\n<\/ul>\n<\/td>\n<\/tr>\n<\/tbody>\n<\/table>\n<\/td>\n<\/tr>\n<tr>\n<td><b>NO INCLUYE<\/b><\/td>\n<td>\n<table class=\"table table-bordered\" style=\"height: 62px;\" width=\"300\">\n<tbody>\n<tr>\n<td>\n<ul>\n<li>Propinas.<\/li>\n<\/ul>\n<\/td>\n<\/tr>\n<tr>\n<td>\n<ul>\n<li>Nada no especificado<\/li>\n<\/ul>\n<\/td>\n<\/tr>\n<\/tbody>\n<\/table>\n<\/td>\n<\/tr>\n<\/tbody>\n<\/table>\n<p><strong>Notas importantes: <\/strong><\/p>\n<ul>\n<li style=\"text-align: justify;\">\n<ul>\n<li style=\"list-style-type: none;\">\n<ul>\n<li style=\"font-weight: 400;\" aria-level=\"1\"><span style=\"font-weight: 400;\">Los servicios han sido cotizados en servicio compartido regular, solo los traslados in\/out son en servicio privado.\u00a0<\/span><\/li>\n<li style=\"font-weight: 400;\" aria-level=\"1\"><span style=\"font-weight: 400;\">Suplemento por tren Vistadome ($ 65.00) por pasajero.\u00a0<\/span><\/li>\n<\/ul>\n<\/li>\n<\/ul>\n<ul>\n<li aria-level=\"1\"><span style=\"font-weight: 400;\">Las Tarifas pueden modificarse y aumentarse en caso de Fines de semana largos, Festividades, Semana Santa, Inti Raymi (Cusco), Fiestas Patrias, Fiestas de Fin de a\u00f1o.\u00a0\u00a0\u00a0\u00a0<\/span><\/li>\n<\/ul>\n<ul>\n<li aria-level=\"1\"><span style=\"font-weight: 400;\">Debido a la Pandemia, factor climatol\u00f3gico o alg\u00fan otro inconveniente que pueda surgir que escape a nuestro control en ruta algunas actividades podr\u00edan ser modificadas por otras de igual categor\u00eda y contenido.<\/span><\/li>\n<\/ul>\n<\/li>\n<\/ul>\n","protected":false},"excerpt":{"rendered":"<p style=\"text-align: justify;\">Lima, Cusco y el amanecer en Machu Picchu.<\/p>\n","protected":false},"featured_media":1284,"comment_status":"closed","ping_status":"closed","template":"","meta":[],"product_brand":[],"product_cat":[103],"product_tag":[],"class_list":{"0":"post-1346","1":"product","2":"type-product","3":"status-publish","4":"has-post-thumbnail","6":"product_cat-circuitos","7":"tour_category-alojamiento","9":"first","10":"instock","11":"featured","12":"shipping-taxable","13":"product-type-tour"},"_links":{"self":[{"href":"https:\/\/chirak.pe\/index.php?rest_route=\/wp\/v2\/product\/1346","targetHints":{"allow":["GET"]}}],"collection":[{"href":"https:\/\/chirak.pe\/index.php?rest_route=\/wp\/v2\/product"}],"about":[{"href":"https:\/\/chirak.pe\/index.php?rest_route=\/wp\/v2\/types\/product"}],"replies":[{"embeddable":true,"href":"https:\/\/chirak.pe\/index.php?rest_route=%2Fwp%2Fv2%2Fcomments&post=1346"}],"wp:featuredmedia":[{"embeddable":true,"href":"https:\/\/chirak.pe\/index.php?rest_route=\/wp\/v2\/media\/1284"}],"wp:attachment":[{"href":"https:\/\/chirak.pe\/index.php?rest_route=%2Fwp%2Fv2%2Fmedia&parent=1346"}],"wp:term":[{"taxonomy":"product_brand","embeddable":true,"href":"https:\/\/chirak.pe\/index.php?rest_route=%2Fwp%2Fv2%2Fproduct_brand&post=1346"},{"taxonomy":"product_cat","embeddable":true,"href":"https:\/\/chirak.pe\/index.php?rest_route=%2Fwp%2Fv2%2Fproduct_cat&post=1346"},{"taxonomy":"product_tag","embeddable":true,"href":"https:\/\/chirak.pe\/index.php?rest_route=%2Fwp%2Fv2%2Fproduct_tag&post=1346"}],"curies":[{"name":"wp","href":"https:\/\/api.w.org\/{rel}","templated":true}]}}