{"id":1268,"date":"2019-07-31T14:27:01","date_gmt":"2019-07-31T18:27:01","guid":{"rendered":"https:\/\/chirak.pe\/?post_type=product&#038;p=1268"},"modified":"2025-12-08T11:31:24","modified_gmt":"2025-12-08T14:31:24","slug":"lima-cultural-4d-3n","status":"publish","type":"product","link":"https:\/\/chirak.pe\/?product=lima-cultural-4d-3n","title":{"rendered":"Ruta del Inka 8D\/7N"},"content":{"rendered":"<p style=\"text-align: justify;\"><strong><span style=\"color: #800080;\">LIMA, CUSCO Y PUNO<\/span><\/strong><\/p>\n<table class=\"table table-bordered tours-tabs__table\" style=\"height: 233px;\" width=\"862\">\n<tbody>\n<tr>\n<td><strong>INICIO\/SALIDA<\/strong><\/td>\n<td>Aeropuerto Internacional Jorge Ch\u00e1vez &#8211; Lima\u00a0 \/ <span style=\"font-weight: 400;\">Aeropuerto de Juliaca (Puno)<\/span><\/td>\n<\/tr>\n<tr>\n<td><strong>HORA DE INICIO<\/strong><\/td>\n<td>A la hora indicada<\/td>\n<\/tr>\n<tr>\n<td><strong>INCLUYE<\/strong><\/td>\n<td>\n<table class=\"table table-bordered\" style=\"height: 62px; width: 72.7345%;\" width=\"300\">\n<tbody>\n<tr>\n<td style=\"width: 52.5147%;\">\n<ul>\n<li aria-level=\"1\">Traslado Aeropuerto Jorge Ch\u00e1vez \/ Hotel seleccionado\/ aeropuerto<\/li>\n<\/ul>\n<ul>\n<li aria-level=\"1\">Visita de la ciudad de Lima Moderna y Colonial<\/li>\n<\/ul>\n<\/td>\n<td style=\"width: 50.2372%;\">\n<ul>\n<li aria-level=\"1\">Bus Tur\u00edstico Cusco \/ Puno + almuerzo<\/li>\n<\/ul>\n<ul>\n<li aria-level=\"1\">Excursi\u00f3n d\u00eda completo Isla de los Uros + Taquile + almuerzo<\/li>\n<\/ul>\n<\/td>\n<\/tr>\n<tr>\n<td style=\"width: 52.5147%;\">\n<ul>\n<li aria-level=\"1\">Traslados Aeropuerto Velasco Astete (Cusco) \/ Hotel \/ aeropuerto<\/li>\n<\/ul>\n<ul>\n<li aria-level=\"1\">Visita de la ciudad\u00a0 y Ruinas cercanas<\/li>\n<\/ul>\n<\/td>\n<td style=\"width: 50.2372%;\">\n<ul>\n<li aria-level=\"1\">Traslado Hotel en Puno &#8211; Aeropuerto de Juliaca<\/li>\n<\/ul>\n<ul>\n<li aria-level=\"1\">02 Noches de alojamiento Hotel seleccionado en Lima<\/li>\n<\/ul>\n<\/td>\n<\/tr>\n<tr>\n<td style=\"width: 52.5147%;\">\n<ul>\n<li aria-level=\"1\">Excursi\u00f3n d\u00eda completo a\u00a0 Machu Picchu en tren Expedition + almuerzo<\/li>\n<\/ul>\n<ul>\n<li aria-level=\"1\">Excursi\u00f3n d\u00eda completo Valle Sagrado +almuerzo<\/li>\n<\/ul>\n<\/td>\n<td style=\"width: 50.2372%;\">\n<ul>\n<li aria-level=\"1\">03 Noches de alojamiento Hotel seleccionado en Cusco<\/li>\n<\/ul>\n<ul>\n<li aria-level=\"1\">02 Noches de alojamiento Hotel seleccionado en Puno<\/li>\n<\/ul>\n<\/td>\n<\/tr>\n<\/tbody>\n<\/table>\n<\/td>\n<\/tr>\n<tr>\n<td><b>NO INCLUYE<\/b><\/td>\n<td>\n<table class=\"table table-bordered\" style=\"height: 62px;\" width=\"300\">\n<tbody>\n<tr>\n<td>\n<ul>\n<li>Propinas.<\/li>\n<\/ul>\n<\/td>\n<\/tr>\n<tr>\n<td>\n<ul>\n<li>Nada no especificado<\/li>\n<\/ul>\n<\/td>\n<\/tr>\n<\/tbody>\n<\/table>\n<\/td>\n<\/tr>\n<\/tbody>\n<\/table>\n<p><strong>Notas importantes: <\/strong><\/p>\n<ul>\n<li>\n<ul>\n<li style=\"list-style-type: none;\">\n<ul>\n<li style=\"font-weight: 400;\" aria-level=\"1\"><span style=\"font-weight: 400;\">Ni\u00f1os de 6 a 11 pagan seg\u00fan categor\u00eda, de +2 y -6 pagan US$ 510.00<\/span><\/li>\n<li style=\"font-weight: 400;\" aria-level=\"1\"><span style=\"font-weight: 400;\">Los\u00a0 servicios\u00a0 han\u00a0 sido\u00a0 cotizados\u00a0 en\u00a0 servicio\u00a0 compartido\u00a0 regular,\u00a0 solo\u00a0 los traslados in\/out son en servicio privado.<\/span><\/li>\n<li style=\"font-weight: 400;\" aria-level=\"1\"><span style=\"font-weight: 400;\">Suplemento por tren Vistadome ($ 65.00 neto) por pasajero.<\/span><\/li>\n<\/ul>\n<\/li>\n<\/ul>\n<ul>\n<li aria-level=\"1\"><span style=\"font-weight: 400;\">Debido a la Pandemia, factor climatologico u alg\u00fan otro inconveniente que pueda surgir que escape a nuestro control en ruta algunas actividades podr\u00edan ser modificadas por otras de igual categor\u00eda y contenido.<\/span><\/li>\n<\/ul>\n<\/li>\n<\/ul>\n","protected":false},"excerpt":{"rendered":"<p style=\"text-align: justify;\">Lima y sus Maravillosos Museos y Zonas Arqueol\u00f3gicas.<\/p>\n","protected":false},"featured_media":1334,"comment_status":"closed","ping_status":"closed","template":"","meta":[],"product_cat":[103],"product_tag":[],"class_list":{"0":"post-1268","1":"product","2":"type-product","3":"status-publish","4":"has-post-thumbnail","6":"product_cat-circuitos","7":"tour_category-alojamiento","8":"tour_category-desayuno","9":"tour_category-lima","11":"first","12":"instock","13":"featured","14":"shipping-taxable","15":"product-type-tour"},"_links":{"self":[{"href":"https:\/\/chirak.pe\/index.php?rest_route=\/wp\/v2\/product\/1268","targetHints":{"allow":["GET"]}}],"collection":[{"href":"https:\/\/chirak.pe\/index.php?rest_route=\/wp\/v2\/product"}],"about":[{"href":"https:\/\/chirak.pe\/index.php?rest_route=\/wp\/v2\/types\/product"}],"replies":[{"embeddable":true,"href":"https:\/\/chirak.pe\/index.php?rest_route=%2Fwp%2Fv2%2Fcomments&post=1268"}],"wp:featuredmedia":[{"embeddable":true,"href":"https:\/\/chirak.pe\/index.php?rest_route=\/wp\/v2\/media\/1334"}],"wp:attachment":[{"href":"https:\/\/chirak.pe\/index.php?rest_route=%2Fwp%2Fv2%2Fmedia&parent=1268"}],"wp:term":[{"taxonomy":"product_cat","embeddable":true,"href":"https:\/\/chirak.pe\/index.php?rest_route=%2Fwp%2Fv2%2Fproduct_cat&post=1268"},{"taxonomy":"product_tag","embeddable":true,"href":"https:\/\/chirak.pe\/index.php?rest_route=%2Fwp%2Fv2%2Fproduct_tag&post=1268"}],"curies":[{"name":"wp","href":"https:\/\/api.w.org\/{rel}","templated":true}]}}