{"id":7,"date":"2015-03-20T21:20:52","date_gmt":"2015-03-20T21:20:52","guid":{"rendered":"http:\/\/www.chirak.pe\/?page_id=7"},"modified":"2019-08-12T16:06:06","modified_gmt":"2019-08-12T20:06:06","slug":"peru","status":"publish","type":"page","link":"https:\/\/chirak.pe\/?page_id=7","title":{"rendered":"PER\u00da"},"content":{"rendered":"<hr \/>\n<div class=\"contenidoInfo\" style=\"color: #000000;\">\n<p><a id=\"indice\" name=\"indice\"><\/a><\/p>\n<div class=\"indices\">\n<div class=\"indice1\" style=\"color: #000000;\">\n<p style=\"text-align: justify;\">El Per\u00fa est\u00e1 ubicado en la parte central y occidental de Am\u00e9rica del Sur. Esta bordeado al oeste por el Pac\u00edfico, y limita al norte con Ecuador y Colombia, al este con Brasil y Bolivia por el sur con Chile. Es el cuarto pa\u00eds m\u00e1s poblado de Am\u00e9rica del Sur luego de Brasil, Argentina y Colombia.<br \/>\nLa Cordillera de los Andes divide al Per\u00fa en tres regiones totalmente opuestas: costa, sierra y selva. Cada una de ella con geograf\u00eda, flora, fauna y climas diferentes, poseen 84 de las 104 zonas de vida existentes en el mundo.<\/p>\n<p><a href=\"#poblacion\">POBLACION<\/a> I <a href=\"#superficie\">SUPERFICIE<\/a> I <a href=\"#capital\">CAPITAL<\/a> I <a href=\"#regiones\">REGIONES<\/a> I <a href=\"#clima\">CLIMA<\/a> I <a href=\"#idioma\">IDIOMA<\/a> I <a href=\"#moneda\">MONEDA<\/a> I <a href=\"#horario\">HORARIO<\/a> I <a href=\"#energia\">ENERGIA<\/a> I <a href=\"#feriados\">FERIADOS<\/a><\/p>\n<p>&nbsp;<\/p>\n<\/div>\n<\/div>\n<p><a id=\"poblacion\" name=\" poblacion \"><\/a><\/p>\n<h3>POBLACION<\/h3>\n<p>33,050.325 habitantes.<\/p>\n<p><a href=\"#indice\"><strong><em>indice<\/em><\/strong><\/a><\/p>\n<p><a id=\"superficie\" name=\"superficie\"><\/a><\/p>\n<h3>SUPERFICIE<\/h3>\n<p>1.285.215 Km2.<\/p>\n<p><a href=\"#indice\"><strong><em>indice<\/em><\/strong><\/a><\/p>\n<p><a id=\"capital\" name=\"capital\"><\/a><\/p>\n<h3>CAPITAL<\/h3>\n<p>Lima.<\/p>\n<p><a href=\"#indice\"><strong><em>indice<\/em><\/strong><\/a><\/p>\n<p><a id=\"regiones\" name=\"regiones\"><\/a><\/p>\n<h3>REGIONES<\/h3>\n<p style=\"text-align: justify;\">Costa: Zona ba\u00f1ada por el Oc\u00e9ano Pacifico con \u00e1reas des\u00e9rticas, hermosas playas y f\u00e9rtiles valles.<br \/>\nSierra: Zona dominada por la Cordillera de Los Andes. Alcanza los 6,768m. (22,204 pies) en la cumbre del nevado Huascar\u00e1n.<br \/>\nSelva: Zona de vegetaci\u00f3n tropical que corresponde a la Amazon\u00eda, donde se ubican las m\u00e1s grandes reservas de naturaleza del Per\u00fa.<\/p>\n<p><a href=\"#indice\"><strong><em>indice<\/em><\/strong><\/a><\/p>\n<p><a id=\"clima\" name=\"clima\"><\/a><\/p>\n<h3>CLIMA<\/h3>\n<p style=\"text-align: justify;\">Costa: Aunque en la costa peruana rara vez llueve, durante el invierno es com\u00fan la neblina y las lloviznas ligeras o gar\u00faas. El extremo norte de la costa posee d\u00edas de sol todo el a\u00f1o y durante el verano las temperaturas alcanzan los 35\u00baC\/95\u00baF.<br \/>\nDiciembre a marzo: verano con temperaturas que llegan a los 27\u00baC \/ 80\u00baF<br \/>\nMayo a Octubre: invierno muy h\u00famedo y fr\u00edo (12\u00baC\/53\u00baF)<br \/>\nSierra: clima seco y templado, es com\u00fan las grandes variaciones de temperatura (entre 20\u00baC\/68\u00baF y 2\u00baC\/35\u00baF) en un solo d\u00eda.<br \/>\nMayo a Octubre: d\u00edas soleados, noches muy fr\u00edas y escasas lluvias.<br \/>\nDiciembre a Marzo: \u00e9poca lluviosa con abundantes precipitaciones.<br \/>\nSelva: clima h\u00famedo y tropical<br \/>\nMayo a Diciembre: temperaturas superiores a los 30\u00baC\/86\u00baF<br \/>\nNoviembre a Marzo: \u00e9poca de lluvias, con frecuentes chubascos y aumento en el caudal de los r\u00edos.<\/p>\n<p><a href=\"#indice\"><strong><em>indice<\/em><\/strong><\/a><\/p>\n<p><a id=\"idioma\" name=\"idioma\"><\/a><\/p>\n<h3>IDIOMA<\/h3>\n<p>El castellano y el quechua son los idiomas oficiales en el pa\u00eds.<br \/>\nOtro idioma reconocido por el Estado Peruano es el aymara, as\u00ed como otras 48 lenguas nativas.<\/p>\n<p><a href=\"#indice\"><strong><em>indice<\/em><\/strong><\/a><\/p>\n<p><a id=\"moneda\" name=\"moneda\"><\/a><\/p>\n<h3>MONEDA<\/h3>\n<p>La moneda oficial del Per\u00fa es el Nuevo Sol dividido en 100 c\u00e9ntimos, en la actualidad circulan:<br \/>\nMonedas de 10, 20 y 50 c\u00e9ntimos<br \/>\nMonedas de 1, 2, y 5 Nuevos Soles<br \/>\nBilletes de 10, 20, 50, 100 y 200 Nuevos Soles.<\/p>\n<p><a href=\"#indice\"><strong><em>indice<\/em><\/strong><\/a><\/p>\n<p><a id=\"horario\" name=\"horario\"><\/a><\/p>\n<h3>HORARIO<\/h3>\n<p>La zona horaria que le corresponde al Per\u00fa es: GMT -5.<\/p>\n<p><a href=\"#indice\"><strong><em>indice<\/em><\/strong><\/a><\/p>\n<p><a id=\"energia\" name=\"energia\"><\/a><\/p>\n<h3>ENERGIA<\/h3>\n<p>220 Voltios y\u00a060 Hertz\u00a0.<\/p>\n<p><a href=\"#indice\"><strong><em>indice<\/em><\/strong><\/a><\/p>\n<p><a id=\"feriados\" name=\"feriados\"><\/a><\/p>\n<h3>FERIADOS<\/h3>\n<p>1 de Enero A\u00f1o Nuevo.<\/p>\n<p>Abril Semana Santa.<\/p>\n<p>1 de Mayo D\u00eda del Trabajo.<\/p>\n<p>29 de Junio San Pedro y San Pablo.<\/p>\n<p>28 y 29 de Julio Fiestas Patrias.<\/p>\n<p>30 de Agosto Santa Rosa de Lima.<\/p>\n<p>8 de Octubre Combate de Angamos.<\/p>\n<p>1 de Noviembre D\u00eda de todos los Santos.<\/p>\n<p>8 de Diciembre D\u00eda de la Inmaculada Concepci\u00f3n.<\/p>\n<p>25 de Diciembre Navidad<\/p>\n<\/div>\n<p><a href=\"#indice\"><strong><em>indice<\/em><\/strong><\/a><\/p>\n","protected":false},"excerpt":{"rendered":"<p>El Per\u00fa est\u00e1 ubicado en la parte central y occidental de Am\u00e9rica del Sur. Esta bordeado al oeste por el Pac\u00edfico, y limita al norte con Ecuador y Colombia, al este con Brasil y Bolivia por el sur con Chile. Es el cuarto pa\u00eds m\u00e1s poblado de Am\u00e9rica del Sur luego de Brasil, Argentina y<\/p>\n<div class=\"padding-top text-center\"><a href=\"https:\/\/chirak.pe\/?page_id=7\" class=\"atbtn atbtn--medium atbtn--rounded atbtn--transparent\">Read more<i class=\"atbtn__icon atbtn__icon--right fa fa-long-arrow-right\"><\/i><\/a><\/div>\n","protected":false},"author":1,"featured_media":0,"parent":0,"menu_order":0,"comment_status":"open","ping_status":"open","template":"","meta":{"footnotes":""},"class_list":["post-7","page","type-page","status-publish","hentry"],"_links":{"self":[{"href":"https:\/\/chirak.pe\/index.php?rest_route=\/wp\/v2\/pages\/7","targetHints":{"allow":["GET"]}}],"collection":[{"href":"https:\/\/chirak.pe\/index.php?rest_route=\/wp\/v2\/pages"}],"about":[{"href":"https:\/\/chirak.pe\/index.php?rest_route=\/wp\/v2\/types\/page"}],"author":[{"embeddable":true,"href":"https:\/\/chirak.pe\/index.php?rest_route=\/wp\/v2\/users\/1"}],"replies":[{"embeddable":true,"href":"https:\/\/chirak.pe\/index.php?rest_route=%2Fwp%2Fv2%2Fcomments&post=7"}],"version-history":[{"count":12,"href":"https:\/\/chirak.pe\/index.php?rest_route=\/wp\/v2\/pages\/7\/revisions"}],"predecessor-version":[{"id":1307,"href":"https:\/\/chirak.pe\/index.php?rest_route=\/wp\/v2\/pages\/7\/revisions\/1307"}],"wp:attachment":[{"href":"https:\/\/chirak.pe\/index.php?rest_route=%2Fwp%2Fv2%2Fmedia&parent=7"}],"curies":[{"name":"wp","href":"https:\/\/api.w.org\/{rel}","templated":true}]}}